{"id":6334,"date":"2023-01-10T11:38:41","date_gmt":"2023-01-10T11:38:41","guid":{"rendered":"https:\/\/yatb.espresslabs.net\/who-we-are\/"},"modified":"2023-03-06T20:29:30","modified_gmt":"2023-03-06T20:29:30","slug":"qui-nous-sommes","status":"publish","type":"page","link":"https:\/\/yatb.espresslabs.net\/fr\/qui-nous-sommes\/","title":{"rendered":"Qui nous sommes"},"content":{"rendered":"\t\t<div data-elementor-type=\"wp-page\" data-elementor-id=\"6334\" class=\"elementor elementor-6334\">\n\t\t\t\t\t\t\t\t\t<section class=\"elementor-section elementor-top-section elementor-element elementor-element-72f3467 elementor-section-full_width elementor-section-height-default elementor-section-height-default\" data-id=\"72f3467\" data-element_type=\"section\">\n\t\t\t\t\t\t<div class=\"elementor-container elementor-column-gap-default\">\n\t\t\t\t\t<div class=\"elementor-column elementor-col-50 elementor-top-column elementor-element elementor-element-b502d31 ot-flex-column-vertical\" data-id=\"b502d31\" data-element_type=\"column\">\n\t\t\t<div class=\"elementor-widget-wrap elementor-element-populated\">\n\t\t\t\t\t\t\t\t<section class=\"elementor-section elementor-inner-section elementor-element elementor-element-d7419df elementor-section-boxed elementor-section-height-default elementor-section-height-default\" data-id=\"d7419df\" data-element_type=\"section\">\n\t\t\t\t\t\t<div class=\"elementor-container elementor-column-gap-default\">\n\t\t\t\t\t<div class=\"elementor-column elementor-col-33 elementor-inner-column elementor-element elementor-element-5208e7c ot-flex-column-vertical\" data-id=\"5208e7c\" data-element_type=\"column\">\n\t\t\t<div class=\"elementor-widget-wrap\">\n\t\t\t\t\t\t\t\t\t<\/div>\n\t\t<\/div>\n\t\t\t\t<div class=\"elementor-column elementor-col-66 elementor-inner-column elementor-element elementor-element-80737c6 ot-flex-column-vertical\" data-id=\"80737c6\" data-element_type=\"column\">\n\t\t\t<div class=\"elementor-widget-wrap elementor-element-populated\">\n\t\t\t\t\t\t\t\t<div class=\"elementor-element elementor-element-65de27a elementor-widget elementor-widget-iheading\" data-id=\"65de27a\" data-element_type=\"widget\" data-widget_type=\"iheading.default\">\n\t\t\t\t<div class=\"elementor-widget-container\">\n\t\t\t\t\t<div class=\"ot-heading is-dots\">\r\n\t        \t            <span>[ VOUS \u00caTES LA MARQUE ]<\/span>\r\n\t        \t        <h2 class=\"main-heading\">Qui nous sommes<\/h2>\r\n\t        \t    <\/div>\r\n\t    \t\t<\/div>\n\t\t\t\t<\/div>\n\t\t\t\t<div class=\"elementor-element elementor-element-876134c elementor-widget elementor-widget-text-editor\" data-id=\"876134c\" data-element_type=\"widget\" data-widget_type=\"text-editor.default\">\n\t\t\t\t<div class=\"elementor-widget-container\">\n\t\t\t<style>\/*! elementor - v3.17.0 - 08-11-2023 *\/\n.elementor-widget-text-editor.elementor-drop-cap-view-stacked .elementor-drop-cap{background-color:#69727d;color:#fff}.elementor-widget-text-editor.elementor-drop-cap-view-framed .elementor-drop-cap{color:#69727d;border:3px solid;background-color:transparent}.elementor-widget-text-editor:not(.elementor-drop-cap-view-default) .elementor-drop-cap{margin-top:8px}.elementor-widget-text-editor:not(.elementor-drop-cap-view-default) .elementor-drop-cap-letter{width:1em;height:1em}.elementor-widget-text-editor .elementor-drop-cap{float:left;text-align:center;line-height:1;font-size:50px}.elementor-widget-text-editor .elementor-drop-cap-letter{display:inline-block}<\/style>\t\t\t\t<p>Castle est un groupement d\u2019achat \u00e0 but non lucratif appartenant \u00e0 ses membres et dirig\u00e9 par ses membres. 100% des b\u00e9n\u00e9fices et des remises sont retourn\u00e9s aux membres chaque ann\u00e9e. Les membres sont des actionnaires et re\u00e7oivent des \u00e9tats financiers annuels audit\u00e9s. Chez Castle, notre objectif est la r\u00e9ussite du d\u00e9taillant ind\u00e9pendant. Nous comprenons que \u00ab vous \u00eates la marque \u00bb et chaque membre est trait\u00e9 de mani\u00e8re \u00e9gale, ind\u00e9pendamment de sa taille ou de son emplacement.<\/p><p>Depuis ses d\u00e9buts en 1963, Castle a la mission suivante :<\/p><p><strong>Renforcer les d\u00e9taillants ind\u00e9pendants en maximisant la rentabilit\u00e9 et la croissance de chaque actionnaire.<\/strong><\/p>\t\t\t\t\t\t<\/div>\n\t\t\t\t<\/div>\n\t\t\t\t<div class=\"elementor-element elementor-element-07913dc elementor-widget elementor-widget-ibutton\" data-id=\"07913dc\" data-element_type=\"widget\" data-widget_type=\"ibutton.default\">\n\t\t\t\t<div class=\"elementor-widget-container\">\n\t\t\t\t\t<div class=\"ot-button\">\r\n\t\t\t<a href=\"https:\/\/castle.ca\/fr\/about\/\" target=\"_blank\" class=\"octf-btn octf-btn-dark\">trouvez un d\u00e9taillant Castle<\/a>\r\n\t    <\/div>\r\n\t    \t\t<\/div>\n\t\t\t\t<\/div>\n\t\t\t\t\t<\/div>\n\t\t<\/div>\n\t\t\t\t\t\t\t<\/div>\n\t\t<\/section>\n\t\t\t\t\t<\/div>\n\t\t<\/div>\n\t\t\t\t<div class=\"elementor-column elementor-col-50 elementor-top-column elementor-element elementor-element-8eb424d ot-flex-column-vertical\" data-id=\"8eb424d\" data-element_type=\"column\">\n\t\t\t<div class=\"elementor-widget-wrap elementor-element-populated\">\n\t\t\t\t\t\t\t\t<div class=\"elementor-element elementor-element-bbf83a4 elementor-widget elementor-widget-image\" data-id=\"bbf83a4\" data-element_type=\"widget\" data-widget_type=\"image.default\">\n\t\t\t\t<div class=\"elementor-widget-container\">\n\t\t\t<style>\/*! elementor - v3.17.0 - 08-11-2023 *\/\n.elementor-widget-image{text-align:center}.elementor-widget-image a{display:inline-block}.elementor-widget-image a img[src$=\".svg\"]{width:48px}.elementor-widget-image img{vertical-align:middle;display:inline-block}<\/style>\t\t\t\t\t\t\t\t\t\t\t\t<img decoding=\"async\" width=\"1512\" height=\"2092\" src=\"https:\/\/yatb.espresslabs.net\/wp-content\/uploads\/2023\/02\/Bitmap.png\" class=\"attachment-full size-full wp-image-6748\" alt=\"\" srcset=\"https:\/\/yatb.espresslabs.net\/wp-content\/uploads\/2023\/02\/Bitmap.png 1512w, https:\/\/yatb.espresslabs.net\/wp-content\/uploads\/2023\/02\/Bitmap-217x300.png 217w, https:\/\/yatb.espresslabs.net\/wp-content\/uploads\/2023\/02\/Bitmap-740x1024.png 740w, https:\/\/yatb.espresslabs.net\/wp-content\/uploads\/2023\/02\/Bitmap-768x1063.png 768w, https:\/\/yatb.espresslabs.net\/wp-content\/uploads\/2023\/02\/Bitmap-1110x1536.png 1110w, https:\/\/yatb.espresslabs.net\/wp-content\/uploads\/2023\/02\/Bitmap-1480x2048.png 1480w\" sizes=\"(max-width: 1512px) 100vw, 1512px\" \/>\t\t\t\t\t\t\t\t\t\t\t\t\t\t\t<\/div>\n\t\t\t\t<\/div>\n\t\t\t\t\t<\/div>\n\t\t<\/div>\n\t\t\t\t\t\t\t<\/div>\n\t\t<\/section>\n\t\t\t\t<section class=\"elementor-section elementor-top-section elementor-element elementor-element-b1e7804 history elementor-section-boxed elementor-section-height-default elementor-section-height-default\" data-id=\"b1e7804\" data-element_type=\"section\" data-settings=\"{&quot;animation&quot;:&quot;none&quot;,&quot;background_background&quot;:&quot;classic&quot;}\">\n\t\t\t\t\t\t<div class=\"elementor-container elementor-column-gap-default\">\n\t\t\t\t\t<div class=\"elementor-column elementor-col-100 elementor-top-column elementor-element elementor-element-7a14694 ot-flex-column-vertical\" data-id=\"7a14694\" data-element_type=\"column\">\n\t\t\t<div class=\"elementor-widget-wrap elementor-element-populated\">\n\t\t\t\t\t\t\t\t<div class=\"elementor-element elementor-element-6988bd4 theratio-align-center elementor-widget elementor-widget-iheading\" data-id=\"6988bd4\" data-element_type=\"widget\" data-widget_type=\"iheading.default\">\n\t\t\t\t<div class=\"elementor-widget-container\">\n\t\t\t\t\t<div class=\"ot-heading is-dots\">\r\n\t        \t        <h2 class=\"main-heading\">Notre Histoire<\/h2>\r\n\t        \t    <\/div>\r\n\t    \t\t<\/div>\n\t\t\t\t<\/div>\n\t\t\t\t<div class=\"elementor-element elementor-element-f400305 elementor-widget elementor-widget-html\" data-id=\"f400305\" data-element_type=\"widget\" data-widget_type=\"html.default\">\n\t\t\t\t<div class=\"elementor-widget-container\">\n\t\t\t<iframe title=\"vimeo-player\" src=\"https:\/\/player.vimeo.com\/video\/772501694?h=15035b9a59\" frameborder=\"0\" allowfullscreen><\/iframe>\t\t<\/div>\n\t\t\t\t<\/div>\n\t\t\t\t\t<\/div>\n\t\t<\/div>\n\t\t\t\t\t\t\t<\/div>\n\t\t<\/section>\n\t\t\t\t<section class=\"elementor-section elementor-top-section elementor-element elementor-element-b34daff elementor-section-boxed elementor-section-height-default elementor-section-height-default\" data-id=\"b34daff\" data-element_type=\"section\" data-settings=\"{&quot;animation&quot;:&quot;none&quot;,&quot;background_background&quot;:&quot;classic&quot;}\">\n\t\t\t\t\t\t<div class=\"elementor-container elementor-column-gap-default\">\n\t\t\t\t\t<div class=\"elementor-column elementor-col-100 elementor-top-column elementor-element elementor-element-f93e58a ot-flex-column-vertical\" data-id=\"f93e58a\" data-element_type=\"column\">\n\t\t\t<div class=\"elementor-widget-wrap elementor-element-populated\">\n\t\t\t\t\t\t\t\t<div class=\"elementor-element elementor-element-fee1256 theratio-align-center elementor-widget elementor-widget-iheading\" data-id=\"fee1256\" data-element_type=\"widget\" data-widget_type=\"iheading.default\">\n\t\t\t\t<div class=\"elementor-widget-container\">\n\t\t\t\t\t<div class=\"ot-heading is-dots\">\r\n\t        \t            <span>[ Notre histoire ]<\/span>\r\n\t        \t        <h2 class=\"main-heading\">La chronologie de Castle<\/h2>\r\n\t        \t    <\/div>\r\n\t    \t\t<\/div>\n\t\t\t\t<\/div>\n\t\t\t\t<div class=\"elementor-element elementor-element-de9d282 elementor-widget elementor-widget-text-editor\" data-id=\"de9d282\" data-element_type=\"widget\" data-widget_type=\"text-editor.default\">\n\t\t\t\t<div class=\"elementor-widget-container\">\n\t\t\t\t\t\t\tTout a commenc\u00e9 en 1963 avec un petit groupe de marchands de bois ind\u00e9pendants qui souhaitaient faire de meilleurs achats. Depuis plus de 55 ans, le Groupe Centres de r\u00e9novation Castle a \u00e9volu\u00e9 et \u00e9largi son r\u00e9seau de membres pour atteindre plus de 300 marchands Castle partout au Canada. Notre croissance est le r\u00e9sultat de notre engagement in\u00e9branlable \u00e0 veiller au succ\u00e8s de nos d\u00e9taillants ind\u00e9pendants et \u00e0 faire cro\u00eetre notre r\u00e9seau par la croissance de nos membres existants et l\u2019adh\u00e9sion de nouveaux membres.\t\t\t\t\t\t<\/div>\n\t\t\t\t<\/div>\n\t\t\t\t<div class=\"elementor-element elementor-element-826284a elementor-widget elementor-widget-html\" data-id=\"826284a\" data-element_type=\"widget\" data-widget_type=\"html.default\">\n\t\t\t\t<div class=\"elementor-widget-container\">\n\t\t\t<iframe src=\"https:\/\/cdn.knightlab.com\/libs\/timeline3\/latest\/embed\/index.html?source=1HkpdRxW2836iProNlSgdIeSil5b7tXsM-Qc3CL-Gj0g&amp;font=Default&amp;lang=fr&amp;initial_zoom=0&amp;height=650\" width=\"100%\" height=\"650\" webkitallowfullscreen=\"\" mozallowfullscreen=\"\" allowfullscreen=\"\" frameborder=\"0\"><\/iframe>\t\t<\/div>\n\t\t\t\t<\/div>\n\t\t\t\t\t<\/div>\n\t\t<\/div>\n\t\t\t\t\t\t\t<\/div>\n\t\t<\/section>\n\t\t\t\t\t\t\t<\/div>\n\t\t","protected":false},"excerpt":{"rendered":"<p>[ VOUS \u00caTES LA MARQUE ] Qui nous sommes Castle est un groupement d\u2019achat \u00e0 but non lucratif appartenant \u00e0 ses membres et dirig\u00e9 par ses membres. 100% des b\u00e9n\u00e9fices et des remises sont retourn\u00e9s aux membres chaque ann\u00e9e. Les membres sont des actionnaires et re\u00e7oivent des \u00e9tats financiers annuels audit\u00e9s. Chez Castle, notre objectif [&hellip;]<\/p>\n","protected":false},"author":1,"featured_media":0,"parent":0,"menu_order":0,"comment_status":"closed","ping_status":"closed","template":"","meta":{"footnotes":""},"class_list":["post-6334","page","type-page","status-publish","hentry"],"_links":{"self":[{"href":"https:\/\/yatb.espresslabs.net\/fr\/wp-json\/wp\/v2\/pages\/6334","targetHints":{"allow":["GET"]}}],"collection":[{"href":"https:\/\/yatb.espresslabs.net\/fr\/wp-json\/wp\/v2\/pages"}],"about":[{"href":"https:\/\/yatb.espresslabs.net\/fr\/wp-json\/wp\/v2\/types\/page"}],"author":[{"embeddable":true,"href":"https:\/\/yatb.espresslabs.net\/fr\/wp-json\/wp\/v2\/users\/1"}],"replies":[{"embeddable":true,"href":"https:\/\/yatb.espresslabs.net\/fr\/wp-json\/wp\/v2\/comments?post=6334"}],"version-history":[{"count":47,"href":"https:\/\/yatb.espresslabs.net\/fr\/wp-json\/wp\/v2\/pages\/6334\/revisions"}],"predecessor-version":[{"id":8412,"href":"https:\/\/yatb.espresslabs.net\/fr\/wp-json\/wp\/v2\/pages\/6334\/revisions\/8412"}],"wp:attachment":[{"href":"https:\/\/yatb.espresslabs.net\/fr\/wp-json\/wp\/v2\/media?parent=6334"}],"curies":[{"name":"wp","href":"https:\/\/api.w.org\/{rel}","templated":true}]}}