{"id":6361,"date":"2023-01-22T06:20:20","date_gmt":"2023-01-22T06:20:20","guid":{"rendered":"https:\/\/yatb.espresslabs.net\/castlecore-member-account-portal\/"},"modified":"2023-02-23T23:54:10","modified_gmt":"2023-02-23T23:54:10","slug":"castlecore-member-account-portal","status":"publish","type":"page","link":"https:\/\/yatb.espresslabs.net\/fr\/pourquoi-castle\/castle-technology-2\/castlecore-member-account-portal\/","title":{"rendered":"CastleCore Member Account Portal\u00a0"},"content":{"rendered":"\t\t<div data-elementor-type=\"wp-page\" data-elementor-id=\"6361\" class=\"elementor elementor-6361\">\n\t\t\t\t\t\t\t\t\t<section class=\"elementor-section elementor-top-section elementor-element elementor-element-321364e elementor-section-boxed elementor-section-height-default elementor-section-height-default\" data-id=\"321364e\" data-element_type=\"section\">\n\t\t\t\t\t\t<div class=\"elementor-container elementor-column-gap-default\">\n\t\t\t\t\t<div class=\"elementor-column elementor-col-100 elementor-top-column elementor-element elementor-element-8bd84eb ot-flex-column-vertical\" data-id=\"8bd84eb\" data-element_type=\"column\">\n\t\t\t<div class=\"elementor-widget-wrap elementor-element-populated\">\n\t\t\t\t\t\t\t\t<div class=\"elementor-element elementor-element-def68ac elementor-widget elementor-widget-text-editor\" data-id=\"def68ac\" data-element_type=\"widget\" data-widget_type=\"text-editor.default\">\n\t\t\t\t<div class=\"elementor-widget-container\">\n\t\t\t<style>\/*! elementor - v3.17.0 - 08-11-2023 *\/\n.elementor-widget-text-editor.elementor-drop-cap-view-stacked .elementor-drop-cap{background-color:#69727d;color:#fff}.elementor-widget-text-editor.elementor-drop-cap-view-framed .elementor-drop-cap{color:#69727d;border:3px solid;background-color:transparent}.elementor-widget-text-editor:not(.elementor-drop-cap-view-default) .elementor-drop-cap{margin-top:8px}.elementor-widget-text-editor:not(.elementor-drop-cap-view-default) .elementor-drop-cap-letter{width:1em;height:1em}.elementor-widget-text-editor .elementor-drop-cap{float:left;text-align:center;line-height:1;font-size:50px}.elementor-widget-text-editor .elementor-drop-cap-letter{display:inline-block}<\/style>\t\t\t\tLa technologie est un moteur pour Castle. Ses membres profitent d\u2019ailleurs d\u2019outils technologiques in\u00e9gal\u00e9s dans l\u2019industrie. Que ce soit \u00e0 l\u2019aide de son portail d\u2019avant-garde pour les membres ou des nouveaux programmes novateurs que son \u00e9quipe cr\u00e9e constamment, Castle vous aidera \u00e0 propulser votre entreprise vers de nouveaux horizons.\t\t\t\t\t\t<\/div>\n\t\t\t\t<\/div>\n\t\t\t\t\t<\/div>\n\t\t<\/div>\n\t\t\t\t\t\t\t<\/div>\n\t\t<\/section>\n\t\t\t\t<section class=\"elementor-section elementor-top-section elementor-element elementor-element-6270c5f elementor-section-boxed elementor-section-height-default elementor-section-height-default\" data-id=\"6270c5f\" data-element_type=\"section\">\n\t\t\t\t\t\t<div class=\"elementor-container elementor-column-gap-extended\">\n\t\t\t\t\t<div class=\"elementor-column elementor-col-50 elementor-top-column elementor-element elementor-element-83aefe4 ot-flex-column-vertical\" data-id=\"83aefe4\" data-element_type=\"column\">\n\t\t\t<div class=\"elementor-widget-wrap elementor-element-populated\">\n\t\t\t\t\t\t\t\t<div class=\"elementor-element elementor-element-fb4cbe3 widget-area elementor-widget elementor-widget-sidebar\" data-id=\"fb4cbe3\" data-element_type=\"widget\" data-widget_type=\"sidebar.default\">\n\t\t\t\t<div class=\"elementor-widget-container\">\n\t\t\t<section id=\"nav_menu-1\" class=\"widget widget_nav_menu\"><div class=\"menu-programme-dachat-container\"><ul id=\"menu-programme-dachat\" class=\"menu\"><li id=\"menu-item-7046\" class=\"menu-item menu-item-type-post_type menu-item-object-page menu-item-7046\"><a href=\"https:\/\/yatb.espresslabs.net\/fr\/pourquoi-castle\/programme-dachat\/programme-dachat-de-castle\/\"><div>01. <\/div><div>Programme d\u2019achat de Castle<\/div><\/a><\/li>\n<li id=\"menu-item-6384\" class=\"menu-item menu-item-type-post_type menu-item-object-page menu-item-6384\"><a href=\"https:\/\/yatb.espresslabs.net\/fr\/pourquoi-castle\/programme-dachat\/hardware-solution-affiliations\/\"><div>02. <\/div><div>Solution et affiliations en quincaillerie<\/div><\/a><\/li>\n<li id=\"menu-item-6383\" class=\"menu-item menu-item-type-post_type menu-item-object-page menu-item-6383\"><a href=\"https:\/\/yatb.espresslabs.net\/fr\/pourquoi-castle\/programme-dachat\/les-produits-de-qualite-castlegard\/\"><div>03.<\/div><div>Les produits de qualit\u00e9 Castlegard<\/div><\/a><\/li>\n<\/ul><\/div><\/section><section id=\"nav_menu-2\" class=\"widget widget_nav_menu\"><div class=\"menu-programmes-de-reussite-container\"><ul id=\"menu-programmes-de-reussite\" class=\"menu\"><li id=\"menu-item-6409\" class=\"menu-item menu-item-type-post_type menu-item-object-page menu-item-6409\"><a href=\"https:\/\/yatb.espresslabs.net\/fr\/pourquoi-castle\/programmes-de-reussite\/services-de-soutien-aux-entreprises\/\"><div>01.<\/div><div>Services de soutien aux entreprises<\/div><\/a><\/li>\n<li id=\"menu-item-6408\" class=\"menu-item menu-item-type-post_type menu-item-object-page menu-item-6408\"><a href=\"https:\/\/yatb.espresslabs.net\/fr\/pourquoi-castle\/programmes-de-reussite\/solutions-de-traitement-des-paiements-de-moneris-et-cartes-cadeaux-castle\/\"><div>02.<\/div><div>Solutions de traitement des paiements de Moneris et cartes-cadeaux Castle<\/div><\/a><\/li>\n<li id=\"menu-item-6407\" class=\"menu-item menu-item-type-post_type menu-item-object-page menu-item-6407\"><a href=\"https:\/\/yatb.espresslabs.net\/fr\/pourquoi-castle\/programmes-de-reussite\/cartes-cadeaux-castle\/\"><div>03.<\/div><div>Cartes-cadeaux Castle<\/div><\/a><\/li>\n<li id=\"menu-item-6406\" class=\"menu-item menu-item-type-post_type menu-item-object-page menu-item-6406\"><a href=\"https:\/\/yatb.espresslabs.net\/fr\/pourquoi-castle\/programmes-de-reussite\/options-de-financement-et-de-paiement-par-carte-de-credit-flexiti\/\"><div>04.<\/div><div>Options de financement et de paiement par carte de cr\u00e9dit Flexiti<\/div><\/a><\/li>\n<li id=\"menu-item-6405\" class=\"menu-item menu-item-type-post_type menu-item-object-page menu-item-6405\"><a href=\"https:\/\/yatb.espresslabs.net\/fr\/pourquoi-castle\/programmes-de-reussite\/passez-au-niveau-superieur-grace-a-web-conductors\/\"><div>05. <\/div><div>Passez au niveau sup\u00e9rieur gr\u00e2ce \u00e0 Web Conductors<\/div><\/a><\/li>\n<li id=\"menu-item-6404\" class=\"menu-item menu-item-type-post_type menu-item-object-page menu-item-6404\"><a href=\"https:\/\/yatb.espresslabs.net\/fr\/pourquoi-castle\/programmes-de-reussite\/programmes-destines-aux-employes\/\"><div>06.<\/div><div>Programmes destin\u00e9s aux employ\u00e9s<\/div><\/a><\/li>\n<\/ul><\/div><\/section><section id=\"nav_menu-3\" class=\"widget widget_nav_menu\"><div class=\"menu-technologie-de-castle-container\"><ul id=\"menu-technologie-de-castle\" class=\"menu\"><li id=\"menu-item-6458\" class=\"menu-item menu-item-type-post_type menu-item-object-page menu-item-6458\"><a href=\"https:\/\/yatb.espresslabs.net\/fr\/pourquoi-castle\/castle-technology-2\/castlecore-member-account-portal\/\"><div>01.<\/div><div>Portail CastleCore pour les membres<\/div><\/a><\/li>\n<li id=\"menu-item-6457\" class=\"menu-item menu-item-type-post_type menu-item-object-page menu-item-6457\"><a href=\"https:\/\/yatb.espresslabs.net\/fr\/pourquoi-castle\/castle-technology-2\/systeme-de-point-de-vente\/\"><div>02.<\/div><div>Syst\u00e8me de point de vente<\/div><\/a><\/li>\n<li id=\"menu-item-6456\" class=\"menu-item menu-item-type-post_type menu-item-object-page menu-item-6456\"><a href=\"https:\/\/yatb.espresslabs.net\/fr\/pourquoi-castle\/castle-technology-2\/rendoodle\/\"><div>03.<\/div><div>Rendoodle<\/div><\/a><\/li>\n<li id=\"menu-item-6455\" class=\"menu-item menu-item-type-post_type menu-item-object-page menu-item-6455\"><a href=\"https:\/\/yatb.espresslabs.net\/fr\/pourquoi-castle\/castle-technology-2\/castle-member-pim\/\"><div>04.<\/div><div>Gestion de l\u2019information sur les produits<\/div><\/a><\/li>\n<\/ul><\/div><\/section><section id=\"nav_menu-4\" class=\"widget widget_nav_menu\"><div class=\"menu-marketing-et-publicite-castle-container\"><ul id=\"menu-marketing-et-publicite-castle\" class=\"menu\"><li id=\"menu-item-6471\" class=\"menu-item menu-item-type-post_type menu-item-object-page menu-item-6471\"><a href=\"https:\/\/yatb.espresslabs.net\/fr\/pourquoi-castle\/castle-marketing\/publications\/\"><div>01.<\/div><div>Publications<\/div><\/a><\/li>\n<li id=\"menu-item-6470\" class=\"menu-item menu-item-type-post_type menu-item-object-page menu-item-6470\"><a href=\"https:\/\/yatb.espresslabs.net\/fr\/pourquoi-castle\/castle-marketing\/concours-et-promotions-en-magasin\/\"><div>02.<\/div><div>Concours et promotions en magasin<\/div><\/a><\/li>\n<li id=\"menu-item-6469\" class=\"menu-item menu-item-type-post_type menu-item-object-page menu-item-6469\"><a href=\"https:\/\/yatb.espresslabs.net\/fr\/pourquoi-castle\/castle-marketing\/03-programme-de-circulaires-en-ligne-brandbase\/\"><div>03.<\/div><div>Programme de circulaires en ligne BrandBase<\/div><\/a><\/li>\n<\/ul><\/div><\/section>\t\t<\/div>\n\t\t\t\t<\/div>\n\t\t\t\t\t<\/div>\n\t\t<\/div>\n\t\t\t\t<div class=\"elementor-column elementor-col-50 elementor-top-column elementor-element elementor-element-0c593ce ot-flex-column-vertical\" data-id=\"0c593ce\" data-element_type=\"column\">\n\t\t\t<div class=\"elementor-widget-wrap elementor-element-populated\">\n\t\t\t\t\t\t\t\t<div class=\"elementor-element elementor-element-ef9ebe3 elementor-widget elementor-widget-iheading\" data-id=\"ef9ebe3\" data-element_type=\"widget\" data-widget_type=\"iheading.default\">\n\t\t\t\t<div class=\"elementor-widget-container\">\n\t\t\t\t\t<div class=\"ot-heading \">\r\n\t        \t            <span>[ Pourquoi Castle ]<\/span>\r\n\t        \t        <h2 class=\"main-heading\">Portail CastleCore pour les membres<\/h2>\r\n\t        \t    <\/div>\r\n\t    \t\t<\/div>\n\t\t\t\t<\/div>\n\t\t\t\t<div class=\"elementor-element elementor-element-5648636 elementor-widget elementor-widget-text-editor\" data-id=\"5648636\" data-element_type=\"widget\" data-widget_type=\"text-editor.default\">\n\t\t\t\t<div class=\"elementor-widget-container\">\n\t\t\t\t\t\t\tSans \u00e9gal, notre portail pour les membres rassemble tout ce qui a trait \u00e0 Castle en un m\u00eame endroit. De par ses fonctions avanc\u00e9es, il vous permettra notamment d\u2019acc\u00e9der aux comptes de votre entreprise et \u00e0 un guide d\u2019achat complet.\t\t\t\t\t\t<\/div>\n\t\t\t\t<\/div>\n\t\t\t\t<div class=\"elementor-element elementor-element-418173f elementor-widget elementor-widget-image\" data-id=\"418173f\" data-element_type=\"widget\" data-widget_type=\"image.default\">\n\t\t\t\t<div class=\"elementor-widget-container\">\n\t\t\t<style>\/*! elementor - v3.17.0 - 08-11-2023 *\/\n.elementor-widget-image{text-align:center}.elementor-widget-image a{display:inline-block}.elementor-widget-image a img[src$=\".svg\"]{width:48px}.elementor-widget-image img{vertical-align:middle;display:inline-block}<\/style>\t\t\t\t\t\t\t\t\t\t\t\t<img decoding=\"async\" width=\"1400\" height=\"800\" src=\"https:\/\/yatb.espresslabs.net\/wp-content\/uploads\/2023\/02\/CastleCore-1.jpg\" class=\"attachment-full size-full wp-image-7186\" alt=\"\" srcset=\"https:\/\/yatb.espresslabs.net\/wp-content\/uploads\/2023\/02\/CastleCore-1.jpg 1400w, https:\/\/yatb.espresslabs.net\/wp-content\/uploads\/2023\/02\/CastleCore-1-300x171.jpg 300w, https:\/\/yatb.espresslabs.net\/wp-content\/uploads\/2023\/02\/CastleCore-1-1024x585.jpg 1024w, https:\/\/yatb.espresslabs.net\/wp-content\/uploads\/2023\/02\/CastleCore-1-768x439.jpg 768w\" sizes=\"(max-width: 1400px) 100vw, 1400px\" \/>\t\t\t\t\t\t\t\t\t\t\t\t\t\t\t<\/div>\n\t\t\t\t<\/div>\n\t\t\t\t\t<\/div>\n\t\t<\/div>\n\t\t\t\t\t\t\t<\/div>\n\t\t<\/section>\n\t\t\t\t<section class=\"elementor-section elementor-top-section elementor-element elementor-element-ba796e0 elementor-section-boxed elementor-section-height-default elementor-section-height-default\" data-id=\"ba796e0\" data-element_type=\"section\">\n\t\t\t\t\t\t<div class=\"elementor-container elementor-column-gap-default\">\n\t\t\t\t\t<div class=\"elementor-column elementor-col-100 elementor-top-column elementor-element elementor-element-2f30dea ot-flex-column-vertical\" data-id=\"2f30dea\" data-element_type=\"column\">\n\t\t\t<div class=\"elementor-widget-wrap elementor-element-populated\">\n\t\t\t\t\t\t\t\t<div class=\"elementor-element elementor-element-75e6b04 elementor-widget elementor-widget-html\" data-id=\"75e6b04\" data-element_type=\"widget\" data-widget_type=\"html.default\">\n\t\t\t\t<div class=\"elementor-widget-container\">\n\t\t\t<style>\n.dcell {\n\tbackground-color: rgba(0,0,0,0.5);\n}\n<\/style>\t\t<\/div>\n\t\t\t\t<\/div>\n\t\t\t\t\t<\/div>\n\t\t<\/div>\n\t\t\t\t\t\t\t<\/div>\n\t\t<\/section>\n\t\t\t\t\t\t\t<\/div>\n\t\t","protected":false},"excerpt":{"rendered":"<p>La technologie est un moteur pour Castle. Ses membres profitent d\u2019ailleurs d\u2019outils technologiques in\u00e9gal\u00e9s dans l\u2019industrie. Que ce soit \u00e0 l\u2019aide de son portail d\u2019avant-garde pour les membres ou des nouveaux programmes novateurs que son \u00e9quipe cr\u00e9e constamment, Castle vous aidera \u00e0 propulser votre entreprise vers de nouveaux horizons. [ Pourquoi Castle ] Portail CastleCore [&hellip;]<\/p>\n","protected":false},"author":1,"featured_media":0,"parent":6435,"menu_order":0,"comment_status":"closed","ping_status":"closed","template":"","meta":{"footnotes":""},"class_list":["post-6361","page","type-page","status-publish","hentry"],"_links":{"self":[{"href":"https:\/\/yatb.espresslabs.net\/fr\/wp-json\/wp\/v2\/pages\/6361","targetHints":{"allow":["GET"]}}],"collection":[{"href":"https:\/\/yatb.espresslabs.net\/fr\/wp-json\/wp\/v2\/pages"}],"about":[{"href":"https:\/\/yatb.espresslabs.net\/fr\/wp-json\/wp\/v2\/types\/page"}],"author":[{"embeddable":true,"href":"https:\/\/yatb.espresslabs.net\/fr\/wp-json\/wp\/v2\/users\/1"}],"replies":[{"embeddable":true,"href":"https:\/\/yatb.espresslabs.net\/fr\/wp-json\/wp\/v2\/comments?post=6361"}],"version-history":[{"count":17,"href":"https:\/\/yatb.espresslabs.net\/fr\/wp-json\/wp\/v2\/pages\/6361\/revisions"}],"predecessor-version":[{"id":7436,"href":"https:\/\/yatb.espresslabs.net\/fr\/wp-json\/wp\/v2\/pages\/6361\/revisions\/7436"}],"up":[{"embeddable":true,"href":"https:\/\/yatb.espresslabs.net\/fr\/wp-json\/wp\/v2\/pages\/6435"}],"wp:attachment":[{"href":"https:\/\/yatb.espresslabs.net\/fr\/wp-json\/wp\/v2\/media?parent=6361"}],"curies":[{"name":"wp","href":"https:\/\/api.w.org\/{rel}","templated":true}]}}