{"id":6379,"date":"2023-01-19T12:51:50","date_gmt":"2023-01-19T12:51:50","guid":{"rendered":"https:\/\/yatb.espresslabs.net\/pourquoi-castle\/programme-dachat\/castlegard-quality-products\/"},"modified":"2023-02-16T14:12:36","modified_gmt":"2023-02-16T14:12:36","slug":"les-produits-de-qualite-castlegard","status":"publish","type":"page","link":"https:\/\/yatb.espresslabs.net\/fr\/pourquoi-castle\/programme-dachat\/les-produits-de-qualite-castlegard\/","title":{"rendered":"Les produits de qualit\u00e9 Castlegard"},"content":{"rendered":"\t\t<div data-elementor-type=\"wp-page\" data-elementor-id=\"6379\" class=\"elementor elementor-6379\">\n\t\t\t\t\t\t\t\t\t<section class=\"elementor-section elementor-top-section elementor-element elementor-element-270aa31 elementor-section-boxed elementor-section-height-default elementor-section-height-default\" data-id=\"270aa31\" data-element_type=\"section\">\n\t\t\t\t\t\t<div class=\"elementor-container elementor-column-gap-default\">\n\t\t\t\t\t<div class=\"elementor-column elementor-col-100 elementor-top-column elementor-element elementor-element-b9022be ot-flex-column-vertical\" data-id=\"b9022be\" data-element_type=\"column\">\n\t\t\t<div class=\"elementor-widget-wrap elementor-element-populated\">\n\t\t\t\t\t\t\t\t<div class=\"elementor-element elementor-element-ec617ce elementor-widget elementor-widget-text-editor\" data-id=\"ec617ce\" data-element_type=\"widget\" data-widget_type=\"text-editor.default\">\n\t\t\t\t<div class=\"elementor-widget-container\">\n\t\t\t<style>\/*! elementor - v3.17.0 - 08-11-2023 *\/\n.elementor-widget-text-editor.elementor-drop-cap-view-stacked .elementor-drop-cap{background-color:#69727d;color:#fff}.elementor-widget-text-editor.elementor-drop-cap-view-framed .elementor-drop-cap{color:#69727d;border:3px solid;background-color:transparent}.elementor-widget-text-editor:not(.elementor-drop-cap-view-default) .elementor-drop-cap{margin-top:8px}.elementor-widget-text-editor:not(.elementor-drop-cap-view-default) .elementor-drop-cap-letter{width:1em;height:1em}.elementor-widget-text-editor .elementor-drop-cap{float:left;text-align:center;line-height:1;font-size:50px}.elementor-widget-text-editor .elementor-drop-cap-letter{display:inline-block}<\/style>\t\t\t\tCastle est fier de s\u2019associer aux fabricants et aux distributeurs les plus r\u00e9put\u00e9s du secteur. Nous avons d\u00e9velopp\u00e9 de solides partenariats avec les fournisseurs et, par cons\u00e9quent, les membres Castle peuvent tirer parti de plus de 450 ententes d\u2019achat dans toutes les cat\u00e9gories de bois, de mat\u00e9riaux de construction et de quincaillerie.\t\t\t\t\t\t<\/div>\n\t\t\t\t<\/div>\n\t\t\t\t\t<\/div>\n\t\t<\/div>\n\t\t\t\t\t\t\t<\/div>\n\t\t<\/section>\n\t\t\t\t<section class=\"elementor-section elementor-top-section elementor-element elementor-element-f34f36b elementor-section-boxed elementor-section-height-default elementor-section-height-default\" data-id=\"f34f36b\" data-element_type=\"section\">\n\t\t\t\t\t\t<div class=\"elementor-container elementor-column-gap-extended\">\n\t\t\t\t\t<div class=\"elementor-column elementor-col-50 elementor-top-column elementor-element elementor-element-9b044ef ot-flex-column-vertical\" data-id=\"9b044ef\" data-element_type=\"column\">\n\t\t\t<div class=\"elementor-widget-wrap elementor-element-populated\">\n\t\t\t\t\t\t\t\t<div class=\"elementor-element elementor-element-45a1b05 widget-area elementor-widget elementor-widget-sidebar\" data-id=\"45a1b05\" data-element_type=\"widget\" data-widget_type=\"sidebar.default\">\n\t\t\t\t<div class=\"elementor-widget-container\">\n\t\t\t<section id=\"nav_menu-1\" class=\"widget widget_nav_menu\"><div class=\"menu-programme-dachat-container\"><ul id=\"menu-programme-dachat\" class=\"menu\"><li id=\"menu-item-7046\" class=\"menu-item menu-item-type-post_type menu-item-object-page menu-item-7046\"><a href=\"https:\/\/yatb.espresslabs.net\/fr\/pourquoi-castle\/programme-dachat\/programme-dachat-de-castle\/\"><div>01. <\/div><div>Programme d\u2019achat de Castle<\/div><\/a><\/li>\n<li id=\"menu-item-6384\" class=\"menu-item menu-item-type-post_type menu-item-object-page menu-item-6384\"><a href=\"https:\/\/yatb.espresslabs.net\/fr\/pourquoi-castle\/programme-dachat\/hardware-solution-affiliations\/\"><div>02. <\/div><div>Solution et affiliations en quincaillerie<\/div><\/a><\/li>\n<li id=\"menu-item-6383\" class=\"menu-item menu-item-type-post_type menu-item-object-page menu-item-6383\"><a href=\"https:\/\/yatb.espresslabs.net\/fr\/pourquoi-castle\/programme-dachat\/les-produits-de-qualite-castlegard\/\"><div>03.<\/div><div>Les produits de qualit\u00e9 Castlegard<\/div><\/a><\/li>\n<\/ul><\/div><\/section><section id=\"nav_menu-2\" class=\"widget widget_nav_menu\"><div class=\"menu-programmes-de-reussite-container\"><ul id=\"menu-programmes-de-reussite\" class=\"menu\"><li id=\"menu-item-6409\" class=\"menu-item menu-item-type-post_type menu-item-object-page menu-item-6409\"><a href=\"https:\/\/yatb.espresslabs.net\/fr\/pourquoi-castle\/programmes-de-reussite\/services-de-soutien-aux-entreprises\/\"><div>01.<\/div><div>Services de soutien aux entreprises<\/div><\/a><\/li>\n<li id=\"menu-item-6408\" class=\"menu-item menu-item-type-post_type menu-item-object-page menu-item-6408\"><a href=\"https:\/\/yatb.espresslabs.net\/fr\/pourquoi-castle\/programmes-de-reussite\/solutions-de-traitement-des-paiements-de-moneris-et-cartes-cadeaux-castle\/\"><div>02.<\/div><div>Solutions de traitement des paiements de Moneris et cartes-cadeaux Castle<\/div><\/a><\/li>\n<li id=\"menu-item-6407\" class=\"menu-item menu-item-type-post_type menu-item-object-page menu-item-6407\"><a href=\"https:\/\/yatb.espresslabs.net\/fr\/pourquoi-castle\/programmes-de-reussite\/cartes-cadeaux-castle\/\"><div>03.<\/div><div>Cartes-cadeaux Castle<\/div><\/a><\/li>\n<li id=\"menu-item-6406\" class=\"menu-item menu-item-type-post_type menu-item-object-page menu-item-6406\"><a href=\"https:\/\/yatb.espresslabs.net\/fr\/pourquoi-castle\/programmes-de-reussite\/options-de-financement-et-de-paiement-par-carte-de-credit-flexiti\/\"><div>04.<\/div><div>Options de financement et de paiement par carte de cr\u00e9dit Flexiti<\/div><\/a><\/li>\n<li id=\"menu-item-6405\" class=\"menu-item menu-item-type-post_type menu-item-object-page menu-item-6405\"><a href=\"https:\/\/yatb.espresslabs.net\/fr\/pourquoi-castle\/programmes-de-reussite\/passez-au-niveau-superieur-grace-a-web-conductors\/\"><div>05. <\/div><div>Passez au niveau sup\u00e9rieur gr\u00e2ce \u00e0 Web Conductors<\/div><\/a><\/li>\n<li id=\"menu-item-6404\" class=\"menu-item menu-item-type-post_type menu-item-object-page menu-item-6404\"><a href=\"https:\/\/yatb.espresslabs.net\/fr\/pourquoi-castle\/programmes-de-reussite\/programmes-destines-aux-employes\/\"><div>06.<\/div><div>Programmes destin\u00e9s aux employ\u00e9s<\/div><\/a><\/li>\n<\/ul><\/div><\/section><section id=\"nav_menu-3\" class=\"widget widget_nav_menu\"><div class=\"menu-technologie-de-castle-container\"><ul id=\"menu-technologie-de-castle\" class=\"menu\"><li id=\"menu-item-6458\" class=\"menu-item menu-item-type-post_type menu-item-object-page menu-item-6458\"><a href=\"https:\/\/yatb.espresslabs.net\/fr\/pourquoi-castle\/castle-technology-2\/castlecore-member-account-portal\/\"><div>01.<\/div><div>Portail CastleCore pour les membres<\/div><\/a><\/li>\n<li id=\"menu-item-6457\" class=\"menu-item menu-item-type-post_type menu-item-object-page menu-item-6457\"><a href=\"https:\/\/yatb.espresslabs.net\/fr\/pourquoi-castle\/castle-technology-2\/systeme-de-point-de-vente\/\"><div>02.<\/div><div>Syst\u00e8me de point de vente<\/div><\/a><\/li>\n<li id=\"menu-item-6456\" class=\"menu-item menu-item-type-post_type menu-item-object-page menu-item-6456\"><a href=\"https:\/\/yatb.espresslabs.net\/fr\/pourquoi-castle\/castle-technology-2\/rendoodle\/\"><div>03.<\/div><div>Rendoodle<\/div><\/a><\/li>\n<li id=\"menu-item-6455\" class=\"menu-item menu-item-type-post_type menu-item-object-page menu-item-6455\"><a href=\"https:\/\/yatb.espresslabs.net\/fr\/pourquoi-castle\/castle-technology-2\/castle-member-pim\/\"><div>04.<\/div><div>Gestion de l\u2019information sur les produits<\/div><\/a><\/li>\n<\/ul><\/div><\/section><section id=\"nav_menu-4\" class=\"widget widget_nav_menu\"><div class=\"menu-marketing-et-publicite-castle-container\"><ul id=\"menu-marketing-et-publicite-castle\" class=\"menu\"><li id=\"menu-item-6471\" class=\"menu-item menu-item-type-post_type menu-item-object-page menu-item-6471\"><a href=\"https:\/\/yatb.espresslabs.net\/fr\/pourquoi-castle\/castle-marketing\/publications\/\"><div>01.<\/div><div>Publications<\/div><\/a><\/li>\n<li id=\"menu-item-6470\" class=\"menu-item menu-item-type-post_type menu-item-object-page menu-item-6470\"><a href=\"https:\/\/yatb.espresslabs.net\/fr\/pourquoi-castle\/castle-marketing\/concours-et-promotions-en-magasin\/\"><div>02.<\/div><div>Concours et promotions en magasin<\/div><\/a><\/li>\n<li id=\"menu-item-6469\" class=\"menu-item menu-item-type-post_type menu-item-object-page menu-item-6469\"><a href=\"https:\/\/yatb.espresslabs.net\/fr\/pourquoi-castle\/castle-marketing\/03-programme-de-circulaires-en-ligne-brandbase\/\"><div>03.<\/div><div>Programme de circulaires en ligne BrandBase<\/div><\/a><\/li>\n<\/ul><\/div><\/section>\t\t<\/div>\n\t\t\t\t<\/div>\n\t\t\t\t\t<\/div>\n\t\t<\/div>\n\t\t\t\t<div class=\"elementor-column elementor-col-50 elementor-top-column elementor-element elementor-element-eca87a6 ot-flex-column-vertical\" data-id=\"eca87a6\" data-element_type=\"column\">\n\t\t\t<div class=\"elementor-widget-wrap elementor-element-populated\">\n\t\t\t\t\t\t\t\t<div class=\"elementor-element elementor-element-8063a65 elementor-widget elementor-widget-iheading\" data-id=\"8063a65\" data-element_type=\"widget\" data-widget_type=\"iheading.default\">\n\t\t\t\t<div class=\"elementor-widget-container\">\n\t\t\t\t\t<div class=\"ot-heading \">\r\n\t        \t            <span>[ Pourquoi Castle ]<\/span>\r\n\t        \t        <h2 class=\"main-heading\">Les produits de qualit\u00e9 Castlegard<\/h2>\r\n\t        \t    <\/div>\r\n\t    \t\t<\/div>\n\t\t\t\t<\/div>\n\t\t\t\t<div class=\"elementor-element elementor-element-fa76912 elementor-widget elementor-widget-text-editor\" data-id=\"fa76912\" data-element_type=\"widget\" data-widget_type=\"text-editor.default\">\n\t\t\t\t<div class=\"elementor-widget-container\">\n\t\t\t\t\t\t\tCastle s\u2019engage \u00e0 fournir des produits de qualit\u00e9 et de valeur. Castlegard, notre marque priv\u00e9e, est offerte exclusivement dans les Centres de r\u00e9novation Castle. Castle est fier de s\u2019associer \u00e0 un fournisseur partenaire de premier plan pour offrir valeur, innovation et un grand choix de produits Castlegard de qualit\u00e9.\t\t\t\t\t\t<\/div>\n\t\t\t\t<\/div>\n\t\t\t\t<div class=\"elementor-element elementor-element-d2b0993 elementor-widget elementor-widget-image\" data-id=\"d2b0993\" data-element_type=\"widget\" data-widget_type=\"image.default\">\n\t\t\t\t<div class=\"elementor-widget-container\">\n\t\t\t<style>\/*! elementor - v3.17.0 - 08-11-2023 *\/\n.elementor-widget-image{text-align:center}.elementor-widget-image a{display:inline-block}.elementor-widget-image a img[src$=\".svg\"]{width:48px}.elementor-widget-image img{vertical-align:middle;display:inline-block}<\/style>\t\t\t\t\t\t\t\t\t\t\t\t<img decoding=\"async\" width=\"1858\" height=\"1106\" src=\"https:\/\/yatb.espresslabs.net\/wp-content\/uploads\/2023\/01\/castlegard.jpg\" class=\"attachment-full size-full wp-image-5705\" alt=\"\" srcset=\"https:\/\/yatb.espresslabs.net\/wp-content\/uploads\/2023\/01\/castlegard.jpg 1858w, https:\/\/yatb.espresslabs.net\/wp-content\/uploads\/2023\/01\/castlegard-300x179.jpg 300w, https:\/\/yatb.espresslabs.net\/wp-content\/uploads\/2023\/01\/castlegard-1024x610.jpg 1024w, https:\/\/yatb.espresslabs.net\/wp-content\/uploads\/2023\/01\/castlegard-768x457.jpg 768w, https:\/\/yatb.espresslabs.net\/wp-content\/uploads\/2023\/01\/castlegard-1536x914.jpg 1536w\" sizes=\"(max-width: 1858px) 100vw, 1858px\" \/>\t\t\t\t\t\t\t\t\t\t\t\t\t\t\t<\/div>\n\t\t\t\t<\/div>\n\t\t\t\t<div class=\"elementor-element elementor-element-0ea60a1 elementor-widget elementor-widget-ibutton\" data-id=\"0ea60a1\" data-element_type=\"widget\" data-widget_type=\"ibutton.default\">\n\t\t\t\t<div class=\"elementor-widget-container\">\n\t\t\t\t\t<div class=\"ot-button\">\r\n\t\t\t<a href=\"#\" class=\"octf-btn octf-btn-dark\">D\u00e9couvrez nos<br\/>partenairesfournisseurs<\/a>\r\n\t    <\/div>\r\n\t    \t\t<\/div>\n\t\t\t\t<\/div>\n\t\t\t\t\t<\/div>\n\t\t<\/div>\n\t\t\t\t\t\t\t<\/div>\n\t\t<\/section>\n\t\t\t\t\t\t\t<\/div>\n\t\t","protected":false},"excerpt":{"rendered":"<p>Castle est fier de s\u2019associer aux fabricants et aux distributeurs les plus r\u00e9put\u00e9s du secteur. Nous avons d\u00e9velopp\u00e9 de solides partenariats avec les fournisseurs et, par cons\u00e9quent, les membres Castle peuvent tirer parti de plus de 450 ententes d\u2019achat dans toutes les cat\u00e9gories de bois, de mat\u00e9riaux de construction et de quincaillerie. [ Pourquoi Castle [&hellip;]<\/p>\n","protected":false},"author":1,"featured_media":0,"parent":6376,"menu_order":0,"comment_status":"closed","ping_status":"closed","template":"","meta":{"footnotes":""},"class_list":["post-6379","page","type-page","status-publish","hentry"],"_links":{"self":[{"href":"https:\/\/yatb.espresslabs.net\/fr\/wp-json\/wp\/v2\/pages\/6379","targetHints":{"allow":["GET"]}}],"collection":[{"href":"https:\/\/yatb.espresslabs.net\/fr\/wp-json\/wp\/v2\/pages"}],"about":[{"href":"https:\/\/yatb.espresslabs.net\/fr\/wp-json\/wp\/v2\/types\/page"}],"author":[{"embeddable":true,"href":"https:\/\/yatb.espresslabs.net\/fr\/wp-json\/wp\/v2\/users\/1"}],"replies":[{"embeddable":true,"href":"https:\/\/yatb.espresslabs.net\/fr\/wp-json\/wp\/v2\/comments?post=6379"}],"version-history":[{"count":9,"href":"https:\/\/yatb.espresslabs.net\/fr\/wp-json\/wp\/v2\/pages\/6379\/revisions"}],"predecessor-version":[{"id":7057,"href":"https:\/\/yatb.espresslabs.net\/fr\/wp-json\/wp\/v2\/pages\/6379\/revisions\/7057"}],"up":[{"embeddable":true,"href":"https:\/\/yatb.espresslabs.net\/fr\/wp-json\/wp\/v2\/pages\/6376"}],"wp:attachment":[{"href":"https:\/\/yatb.espresslabs.net\/fr\/wp-json\/wp\/v2\/media?parent=6379"}],"curies":[{"name":"wp","href":"https:\/\/api.w.org\/{rel}","templated":true}]}}