{"id":6397,"date":"2023-01-19T14:07:52","date_gmt":"2023-01-19T14:07:52","guid":{"rendered":"https:\/\/yatb.espresslabs.net\/pourquoi-castle\/programmes-de-reussite\/castle-gift-cards\/"},"modified":"2023-02-16T14:23:41","modified_gmt":"2023-02-16T14:23:41","slug":"cartes-cadeaux-castle","status":"publish","type":"page","link":"https:\/\/yatb.espresslabs.net\/fr\/pourquoi-castle\/programmes-de-reussite\/cartes-cadeaux-castle\/","title":{"rendered":"Cartes-cadeaux Castle"},"content":{"rendered":"\t\t<div data-elementor-type=\"wp-page\" data-elementor-id=\"6397\" class=\"elementor elementor-6397\">\n\t\t\t\t\t\t\t\t\t<section class=\"elementor-section elementor-top-section elementor-element elementor-element-b0c9e0a elementor-section-boxed elementor-section-height-default elementor-section-height-default\" data-id=\"b0c9e0a\" data-element_type=\"section\">\n\t\t\t\t\t\t<div class=\"elementor-container elementor-column-gap-default\">\n\t\t\t\t\t<div class=\"elementor-column elementor-col-100 elementor-top-column elementor-element elementor-element-aee4bfb ot-flex-column-vertical\" data-id=\"aee4bfb\" data-element_type=\"column\">\n\t\t\t<div class=\"elementor-widget-wrap elementor-element-populated\">\n\t\t\t\t\t\t\t\t<div class=\"elementor-element elementor-element-f021dfd elementor-widget elementor-widget-text-editor\" data-id=\"f021dfd\" data-element_type=\"widget\" data-widget_type=\"text-editor.default\">\n\t\t\t\t<div class=\"elementor-widget-container\">\n\t\t\t<style>\/*! elementor - v3.17.0 - 08-11-2023 *\/\n.elementor-widget-text-editor.elementor-drop-cap-view-stacked .elementor-drop-cap{background-color:#69727d;color:#fff}.elementor-widget-text-editor.elementor-drop-cap-view-framed .elementor-drop-cap{color:#69727d;border:3px solid;background-color:transparent}.elementor-widget-text-editor:not(.elementor-drop-cap-view-default) .elementor-drop-cap{margin-top:8px}.elementor-widget-text-editor:not(.elementor-drop-cap-view-default) .elementor-drop-cap-letter{width:1em;height:1em}.elementor-widget-text-editor .elementor-drop-cap{float:left;text-align:center;line-height:1;font-size:50px}.elementor-widget-text-editor .elementor-drop-cap-letter{display:inline-block}<\/style>\t\t\t\tVotre succ\u00e8s est notre priorit\u00e9! Facultatifs, les programmes pour la r\u00e9ussite CastleCare permettent \u00e0 nos membres de profiter librement d\u2019une gamme compl\u00e8te d\u2019entente exclusives avec une grande vari\u00e9t\u00e9 de partenaires d\u2019affaires. Les programmes sont con\u00e7us de mani\u00e8re \u00e0 minimiser les co\u00fbts pour l\u2019entreprise et \u00e0 maximiser les avantages, notamment pour les employ\u00e9s. En r\u00e9duisant leurs frais d\u2019exploitation, les membres Castle peuvent accro\u00eetre leurs marges de profit, investir dans leur entreprise et am\u00e9liorer leurs relations avec les clients.\t\t\t\t\t\t<\/div>\n\t\t\t\t<\/div>\n\t\t\t\t\t<\/div>\n\t\t<\/div>\n\t\t\t\t\t\t\t<\/div>\n\t\t<\/section>\n\t\t\t\t<section class=\"elementor-section elementor-top-section elementor-element elementor-element-64e6bcb elementor-section-boxed elementor-section-height-default elementor-section-height-default\" data-id=\"64e6bcb\" data-element_type=\"section\">\n\t\t\t\t\t\t<div class=\"elementor-container elementor-column-gap-extended\">\n\t\t\t\t\t<div class=\"elementor-column elementor-col-50 elementor-top-column elementor-element elementor-element-9868c46 ot-flex-column-vertical\" data-id=\"9868c46\" data-element_type=\"column\">\n\t\t\t<div class=\"elementor-widget-wrap elementor-element-populated\">\n\t\t\t\t\t\t\t\t<div class=\"elementor-element elementor-element-287823a widget-area elementor-widget elementor-widget-sidebar\" data-id=\"287823a\" data-element_type=\"widget\" data-widget_type=\"sidebar.default\">\n\t\t\t\t<div class=\"elementor-widget-container\">\n\t\t\t<section id=\"nav_menu-1\" class=\"widget widget_nav_menu\"><div class=\"menu-programme-dachat-container\"><ul id=\"menu-programme-dachat\" class=\"menu\"><li id=\"menu-item-7046\" class=\"menu-item menu-item-type-post_type menu-item-object-page menu-item-7046\"><a href=\"https:\/\/yatb.espresslabs.net\/fr\/pourquoi-castle\/programme-dachat\/programme-dachat-de-castle\/\"><div>01. <\/div><div>Programme d\u2019achat de Castle<\/div><\/a><\/li>\n<li id=\"menu-item-6384\" class=\"menu-item menu-item-type-post_type menu-item-object-page menu-item-6384\"><a href=\"https:\/\/yatb.espresslabs.net\/fr\/pourquoi-castle\/programme-dachat\/hardware-solution-affiliations\/\"><div>02. <\/div><div>Solution et affiliations en quincaillerie<\/div><\/a><\/li>\n<li id=\"menu-item-6383\" class=\"menu-item menu-item-type-post_type menu-item-object-page menu-item-6383\"><a href=\"https:\/\/yatb.espresslabs.net\/fr\/pourquoi-castle\/programme-dachat\/les-produits-de-qualite-castlegard\/\"><div>03.<\/div><div>Les produits de qualit\u00e9 Castlegard<\/div><\/a><\/li>\n<\/ul><\/div><\/section><section id=\"nav_menu-2\" class=\"widget widget_nav_menu\"><div class=\"menu-programmes-de-reussite-container\"><ul id=\"menu-programmes-de-reussite\" class=\"menu\"><li id=\"menu-item-6409\" class=\"menu-item menu-item-type-post_type menu-item-object-page menu-item-6409\"><a href=\"https:\/\/yatb.espresslabs.net\/fr\/pourquoi-castle\/programmes-de-reussite\/services-de-soutien-aux-entreprises\/\"><div>01.<\/div><div>Services de soutien aux entreprises<\/div><\/a><\/li>\n<li id=\"menu-item-6408\" class=\"menu-item menu-item-type-post_type menu-item-object-page menu-item-6408\"><a href=\"https:\/\/yatb.espresslabs.net\/fr\/pourquoi-castle\/programmes-de-reussite\/solutions-de-traitement-des-paiements-de-moneris-et-cartes-cadeaux-castle\/\"><div>02.<\/div><div>Solutions de traitement des paiements de Moneris et cartes-cadeaux Castle<\/div><\/a><\/li>\n<li id=\"menu-item-6407\" class=\"menu-item menu-item-type-post_type menu-item-object-page menu-item-6407\"><a href=\"https:\/\/yatb.espresslabs.net\/fr\/pourquoi-castle\/programmes-de-reussite\/cartes-cadeaux-castle\/\"><div>03.<\/div><div>Cartes-cadeaux Castle<\/div><\/a><\/li>\n<li id=\"menu-item-6406\" class=\"menu-item menu-item-type-post_type menu-item-object-page menu-item-6406\"><a href=\"https:\/\/yatb.espresslabs.net\/fr\/pourquoi-castle\/programmes-de-reussite\/options-de-financement-et-de-paiement-par-carte-de-credit-flexiti\/\"><div>04.<\/div><div>Options de financement et de paiement par carte de cr\u00e9dit Flexiti<\/div><\/a><\/li>\n<li id=\"menu-item-6405\" class=\"menu-item menu-item-type-post_type menu-item-object-page menu-item-6405\"><a href=\"https:\/\/yatb.espresslabs.net\/fr\/pourquoi-castle\/programmes-de-reussite\/passez-au-niveau-superieur-grace-a-web-conductors\/\"><div>05. <\/div><div>Passez au niveau sup\u00e9rieur gr\u00e2ce \u00e0 Web Conductors<\/div><\/a><\/li>\n<li id=\"menu-item-6404\" class=\"menu-item menu-item-type-post_type menu-item-object-page menu-item-6404\"><a href=\"https:\/\/yatb.espresslabs.net\/fr\/pourquoi-castle\/programmes-de-reussite\/programmes-destines-aux-employes\/\"><div>06.<\/div><div>Programmes destin\u00e9s aux employ\u00e9s<\/div><\/a><\/li>\n<\/ul><\/div><\/section><section id=\"nav_menu-3\" class=\"widget widget_nav_menu\"><div class=\"menu-technologie-de-castle-container\"><ul id=\"menu-technologie-de-castle\" class=\"menu\"><li id=\"menu-item-6458\" class=\"menu-item menu-item-type-post_type menu-item-object-page menu-item-6458\"><a href=\"https:\/\/yatb.espresslabs.net\/fr\/pourquoi-castle\/castle-technology-2\/castlecore-member-account-portal\/\"><div>01.<\/div><div>Portail CastleCore pour les membres<\/div><\/a><\/li>\n<li id=\"menu-item-6457\" class=\"menu-item menu-item-type-post_type menu-item-object-page menu-item-6457\"><a href=\"https:\/\/yatb.espresslabs.net\/fr\/pourquoi-castle\/castle-technology-2\/systeme-de-point-de-vente\/\"><div>02.<\/div><div>Syst\u00e8me de point de vente<\/div><\/a><\/li>\n<li id=\"menu-item-6456\" class=\"menu-item menu-item-type-post_type menu-item-object-page menu-item-6456\"><a href=\"https:\/\/yatb.espresslabs.net\/fr\/pourquoi-castle\/castle-technology-2\/rendoodle\/\"><div>03.<\/div><div>Rendoodle<\/div><\/a><\/li>\n<li id=\"menu-item-6455\" class=\"menu-item menu-item-type-post_type menu-item-object-page menu-item-6455\"><a href=\"https:\/\/yatb.espresslabs.net\/fr\/pourquoi-castle\/castle-technology-2\/castle-member-pim\/\"><div>04.<\/div><div>Gestion de l\u2019information sur les produits<\/div><\/a><\/li>\n<\/ul><\/div><\/section><section id=\"nav_menu-4\" class=\"widget widget_nav_menu\"><div class=\"menu-marketing-et-publicite-castle-container\"><ul id=\"menu-marketing-et-publicite-castle\" class=\"menu\"><li id=\"menu-item-6471\" class=\"menu-item menu-item-type-post_type menu-item-object-page menu-item-6471\"><a href=\"https:\/\/yatb.espresslabs.net\/fr\/pourquoi-castle\/castle-marketing\/publications\/\"><div>01.<\/div><div>Publications<\/div><\/a><\/li>\n<li id=\"menu-item-6470\" class=\"menu-item menu-item-type-post_type menu-item-object-page menu-item-6470\"><a href=\"https:\/\/yatb.espresslabs.net\/fr\/pourquoi-castle\/castle-marketing\/concours-et-promotions-en-magasin\/\"><div>02.<\/div><div>Concours et promotions en magasin<\/div><\/a><\/li>\n<li id=\"menu-item-6469\" class=\"menu-item menu-item-type-post_type menu-item-object-page menu-item-6469\"><a href=\"https:\/\/yatb.espresslabs.net\/fr\/pourquoi-castle\/castle-marketing\/03-programme-de-circulaires-en-ligne-brandbase\/\"><div>03.<\/div><div>Programme de circulaires en ligne BrandBase<\/div><\/a><\/li>\n<\/ul><\/div><\/section>\t\t<\/div>\n\t\t\t\t<\/div>\n\t\t\t\t\t<\/div>\n\t\t<\/div>\n\t\t\t\t<div class=\"elementor-column elementor-col-50 elementor-top-column elementor-element elementor-element-7a70579 ot-flex-column-vertical\" data-id=\"7a70579\" data-element_type=\"column\">\n\t\t\t<div class=\"elementor-widget-wrap elementor-element-populated\">\n\t\t\t\t\t\t\t\t<div class=\"elementor-element elementor-element-e96cd37 elementor-widget elementor-widget-iheading\" data-id=\"e96cd37\" data-element_type=\"widget\" data-widget_type=\"iheading.default\">\n\t\t\t\t<div class=\"elementor-widget-container\">\n\t\t\t\t\t<div class=\"ot-heading \">\r\n\t        \t            <span>[ Pourquoi Castle ]<\/span>\r\n\t        \t        <h2 class=\"main-heading\">Cartes-cadeaux Castle<\/h2>\r\n\t        \t    <\/div>\r\n\t    \t\t<\/div>\n\t\t\t\t<\/div>\n\t\t\t\t<div class=\"elementor-element elementor-element-cf5ce4b elementor-widget elementor-widget-text-editor\" data-id=\"cf5ce4b\" data-element_type=\"widget\" data-widget_type=\"text-editor.default\">\n\t\t\t\t<div class=\"elementor-widget-container\">\n\t\t\t\t\t\t\tLe programme de carte-cadeau Castle est \u00e9galement un excellent outil pour attirer de nouveaux clients et vous faire conna\u00eetre dans votre march\u00e9.\t\t\t\t\t\t<\/div>\n\t\t\t\t<\/div>\n\t\t\t\t<section class=\"elementor-section elementor-inner-section elementor-element elementor-element-e058cf0 elementor-section-boxed elementor-section-height-default elementor-section-height-default\" data-id=\"e058cf0\" data-element_type=\"section\">\n\t\t\t\t\t\t<div class=\"elementor-container elementor-column-gap-default\">\n\t\t\t\t\t<div class=\"elementor-column elementor-col-50 elementor-inner-column elementor-element elementor-element-64f5658 ot-flex-column-vertical\" data-id=\"64f5658\" data-element_type=\"column\">\n\t\t\t<div class=\"elementor-widget-wrap elementor-element-populated\">\n\t\t\t\t\t\t\t\t<div class=\"elementor-element elementor-element-ee9a876 elementor-widget elementor-widget-image\" data-id=\"ee9a876\" data-element_type=\"widget\" data-widget_type=\"image.default\">\n\t\t\t\t<div class=\"elementor-widget-container\">\n\t\t\t<style>\/*! elementor - v3.17.0 - 08-11-2023 *\/\n.elementor-widget-image{text-align:center}.elementor-widget-image a{display:inline-block}.elementor-widget-image a img[src$=\".svg\"]{width:48px}.elementor-widget-image img{vertical-align:middle;display:inline-block}<\/style>\t\t\t\t\t\t\t\t\t\t\t\t<img decoding=\"async\" width=\"898\" height=\"834\" src=\"https:\/\/yatb.espresslabs.net\/wp-content\/uploads\/2023\/01\/Business-Support-Services-01-1.jpg\" class=\"attachment-full size-full wp-image-5769\" alt=\"\" srcset=\"https:\/\/yatb.espresslabs.net\/wp-content\/uploads\/2023\/01\/Business-Support-Services-01-1.jpg 898w, https:\/\/yatb.espresslabs.net\/wp-content\/uploads\/2023\/01\/Business-Support-Services-01-1-300x279.jpg 300w, https:\/\/yatb.espresslabs.net\/wp-content\/uploads\/2023\/01\/Business-Support-Services-01-1-768x713.jpg 768w\" sizes=\"(max-width: 898px) 100vw, 898px\" \/>\t\t\t\t\t\t\t\t\t\t\t\t\t\t\t<\/div>\n\t\t\t\t<\/div>\n\t\t\t\t\t<\/div>\n\t\t<\/div>\n\t\t\t\t<div class=\"elementor-column elementor-col-50 elementor-inner-column elementor-element elementor-element-5dcf2cb ot-flex-column-vertical\" data-id=\"5dcf2cb\" data-element_type=\"column\">\n\t\t\t<div class=\"elementor-widget-wrap elementor-element-populated\">\n\t\t\t\t\t\t\t\t<div class=\"elementor-element elementor-element-fcd42bb elementor-widget elementor-widget-image\" data-id=\"fcd42bb\" data-element_type=\"widget\" data-widget_type=\"image.default\">\n\t\t\t\t<div class=\"elementor-widget-container\">\n\t\t\t\t\t\t\t\t\t\t\t\t\t\t\t<img decoding=\"async\" width=\"898\" height=\"834\" src=\"https:\/\/yatb.espresslabs.net\/wp-content\/uploads\/2023\/01\/Business-Support-Services-02-1.jpg\" class=\"attachment-full size-full wp-image-5770\" alt=\"\" srcset=\"https:\/\/yatb.espresslabs.net\/wp-content\/uploads\/2023\/01\/Business-Support-Services-02-1.jpg 898w, https:\/\/yatb.espresslabs.net\/wp-content\/uploads\/2023\/01\/Business-Support-Services-02-1-300x279.jpg 300w, https:\/\/yatb.espresslabs.net\/wp-content\/uploads\/2023\/01\/Business-Support-Services-02-1-768x713.jpg 768w\" sizes=\"(max-width: 898px) 100vw, 898px\" \/>\t\t\t\t\t\t\t\t\t\t\t\t\t\t\t<\/div>\n\t\t\t\t<\/div>\n\t\t\t\t\t<\/div>\n\t\t<\/div>\n\t\t\t\t\t\t\t<\/div>\n\t\t<\/section>\n\t\t\t\t\t<\/div>\n\t\t<\/div>\n\t\t\t\t\t\t\t<\/div>\n\t\t<\/section>\n\t\t\t\t\t\t\t<\/div>\n\t\t","protected":false},"excerpt":{"rendered":"<p>Votre succ\u00e8s est notre priorit\u00e9! Facultatifs, les programmes pour la r\u00e9ussite CastleCare permettent \u00e0 nos membres de profiter librement d\u2019une gamme compl\u00e8te d\u2019entente exclusives avec une grande vari\u00e9t\u00e9 de partenaires d\u2019affaires. Les programmes sont con\u00e7us de mani\u00e8re \u00e0 minimiser les co\u00fbts pour l\u2019entreprise et \u00e0 maximiser les avantages, notamment pour les employ\u00e9s. En r\u00e9duisant leurs [&hellip;]<\/p>\n","protected":false},"author":1,"featured_media":0,"parent":6393,"menu_order":0,"comment_status":"closed","ping_status":"closed","template":"","meta":{"footnotes":""},"class_list":["post-6397","page","type-page","status-publish","hentry"],"_links":{"self":[{"href":"https:\/\/yatb.espresslabs.net\/fr\/wp-json\/wp\/v2\/pages\/6397","targetHints":{"allow":["GET"]}}],"collection":[{"href":"https:\/\/yatb.espresslabs.net\/fr\/wp-json\/wp\/v2\/pages"}],"about":[{"href":"https:\/\/yatb.espresslabs.net\/fr\/wp-json\/wp\/v2\/types\/page"}],"author":[{"embeddable":true,"href":"https:\/\/yatb.espresslabs.net\/fr\/wp-json\/wp\/v2\/users\/1"}],"replies":[{"embeddable":true,"href":"https:\/\/yatb.espresslabs.net\/fr\/wp-json\/wp\/v2\/comments?post=6397"}],"version-history":[{"count":8,"href":"https:\/\/yatb.espresslabs.net\/fr\/wp-json\/wp\/v2\/pages\/6397\/revisions"}],"predecessor-version":[{"id":7070,"href":"https:\/\/yatb.espresslabs.net\/fr\/wp-json\/wp\/v2\/pages\/6397\/revisions\/7070"}],"up":[{"embeddable":true,"href":"https:\/\/yatb.espresslabs.net\/fr\/wp-json\/wp\/v2\/pages\/6393"}],"wp:attachment":[{"href":"https:\/\/yatb.espresslabs.net\/fr\/wp-json\/wp\/v2\/media?parent=6397"}],"curies":[{"name":"wp","href":"https:\/\/api.w.org\/{rel}","templated":true}]}}