{"id":6445,"date":"2023-01-22T06:21:25","date_gmt":"2023-01-22T06:21:25","guid":{"rendered":"https:\/\/yatb.espresslabs.net\/pourquoi-castle\/castle-technology-2\/rendoodle\/"},"modified":"2023-02-16T14:44:45","modified_gmt":"2023-02-16T14:44:45","slug":"rendoodle","status":"publish","type":"page","link":"https:\/\/yatb.espresslabs.net\/fr\/pourquoi-castle\/castle-technology-2\/rendoodle\/","title":{"rendered":"Rendoodle"},"content":{"rendered":"\t\t<div data-elementor-type=\"wp-page\" data-elementor-id=\"6445\" class=\"elementor elementor-6445\">\n\t\t\t\t\t\t\t\t\t<section class=\"elementor-section elementor-top-section elementor-element elementor-element-fafcdf5 elementor-section-boxed elementor-section-height-default elementor-section-height-default\" data-id=\"fafcdf5\" data-element_type=\"section\">\n\t\t\t\t\t\t<div class=\"elementor-container elementor-column-gap-default\">\n\t\t\t\t\t<div class=\"elementor-column elementor-col-100 elementor-top-column elementor-element elementor-element-016751f ot-flex-column-vertical\" data-id=\"016751f\" data-element_type=\"column\">\n\t\t\t<div class=\"elementor-widget-wrap elementor-element-populated\">\n\t\t\t\t\t\t\t\t<div class=\"elementor-element elementor-element-0073e9f elementor-widget elementor-widget-text-editor\" data-id=\"0073e9f\" data-element_type=\"widget\" data-widget_type=\"text-editor.default\">\n\t\t\t\t<div class=\"elementor-widget-container\">\n\t\t\t<style>\/*! elementor - v3.17.0 - 08-11-2023 *\/\n.elementor-widget-text-editor.elementor-drop-cap-view-stacked .elementor-drop-cap{background-color:#69727d;color:#fff}.elementor-widget-text-editor.elementor-drop-cap-view-framed .elementor-drop-cap{color:#69727d;border:3px solid;background-color:transparent}.elementor-widget-text-editor:not(.elementor-drop-cap-view-default) .elementor-drop-cap{margin-top:8px}.elementor-widget-text-editor:not(.elementor-drop-cap-view-default) .elementor-drop-cap-letter{width:1em;height:1em}.elementor-widget-text-editor .elementor-drop-cap{float:left;text-align:center;line-height:1;font-size:50px}.elementor-widget-text-editor .elementor-drop-cap-letter{display:inline-block}<\/style>\t\t\t\tLa technologie est un moteur pour Castle. Ses membres profitent d\u2019ailleurs d\u2019outils technologiques in\u00e9gal\u00e9s dans l\u2019industrie. Que ce soit \u00e0 l\u2019aide de son portail d\u2019avant-garde pour les membres ou des nouveaux programmes novateurs que son \u00e9quipe cr\u00e9e constamment, Castle vous aidera \u00e0 propulser votre entreprise vers de nouveaux horizons.\t\t\t\t\t\t<\/div>\n\t\t\t\t<\/div>\n\t\t\t\t\t<\/div>\n\t\t<\/div>\n\t\t\t\t\t\t\t<\/div>\n\t\t<\/section>\n\t\t\t\t<section class=\"elementor-section elementor-top-section elementor-element elementor-element-5527560 elementor-section-boxed elementor-section-height-default elementor-section-height-default\" data-id=\"5527560\" data-element_type=\"section\">\n\t\t\t\t\t\t<div class=\"elementor-container elementor-column-gap-extended\">\n\t\t\t\t\t<div class=\"elementor-column elementor-col-50 elementor-top-column elementor-element elementor-element-bc0dd1b ot-flex-column-vertical\" data-id=\"bc0dd1b\" data-element_type=\"column\">\n\t\t\t<div class=\"elementor-widget-wrap elementor-element-populated\">\n\t\t\t\t\t\t\t\t<div class=\"elementor-element elementor-element-7f48652 widget-area elementor-widget elementor-widget-sidebar\" data-id=\"7f48652\" data-element_type=\"widget\" data-widget_type=\"sidebar.default\">\n\t\t\t\t<div class=\"elementor-widget-container\">\n\t\t\t<section id=\"nav_menu-1\" class=\"widget widget_nav_menu\"><div class=\"menu-programme-dachat-container\"><ul id=\"menu-programme-dachat\" class=\"menu\"><li id=\"menu-item-7046\" class=\"menu-item menu-item-type-post_type menu-item-object-page menu-item-7046\"><a href=\"https:\/\/yatb.espresslabs.net\/fr\/pourquoi-castle\/programme-dachat\/programme-dachat-de-castle\/\"><div>01. <\/div><div>Programme d\u2019achat de Castle<\/div><\/a><\/li>\n<li id=\"menu-item-6384\" class=\"menu-item menu-item-type-post_type menu-item-object-page menu-item-6384\"><a href=\"https:\/\/yatb.espresslabs.net\/fr\/pourquoi-castle\/programme-dachat\/hardware-solution-affiliations\/\"><div>02. <\/div><div>Solution et affiliations en quincaillerie<\/div><\/a><\/li>\n<li id=\"menu-item-6383\" class=\"menu-item menu-item-type-post_type menu-item-object-page menu-item-6383\"><a href=\"https:\/\/yatb.espresslabs.net\/fr\/pourquoi-castle\/programme-dachat\/les-produits-de-qualite-castlegard\/\"><div>03.<\/div><div>Les produits de qualit\u00e9 Castlegard<\/div><\/a><\/li>\n<\/ul><\/div><\/section><section id=\"nav_menu-2\" class=\"widget widget_nav_menu\"><div class=\"menu-programmes-de-reussite-container\"><ul id=\"menu-programmes-de-reussite\" class=\"menu\"><li id=\"menu-item-6409\" class=\"menu-item menu-item-type-post_type menu-item-object-page menu-item-6409\"><a href=\"https:\/\/yatb.espresslabs.net\/fr\/pourquoi-castle\/programmes-de-reussite\/services-de-soutien-aux-entreprises\/\"><div>01.<\/div><div>Services de soutien aux entreprises<\/div><\/a><\/li>\n<li id=\"menu-item-6408\" class=\"menu-item menu-item-type-post_type menu-item-object-page menu-item-6408\"><a href=\"https:\/\/yatb.espresslabs.net\/fr\/pourquoi-castle\/programmes-de-reussite\/solutions-de-traitement-des-paiements-de-moneris-et-cartes-cadeaux-castle\/\"><div>02.<\/div><div>Solutions de traitement des paiements de Moneris et cartes-cadeaux Castle<\/div><\/a><\/li>\n<li id=\"menu-item-6407\" class=\"menu-item menu-item-type-post_type menu-item-object-page menu-item-6407\"><a href=\"https:\/\/yatb.espresslabs.net\/fr\/pourquoi-castle\/programmes-de-reussite\/cartes-cadeaux-castle\/\"><div>03.<\/div><div>Cartes-cadeaux Castle<\/div><\/a><\/li>\n<li id=\"menu-item-6406\" class=\"menu-item menu-item-type-post_type menu-item-object-page menu-item-6406\"><a href=\"https:\/\/yatb.espresslabs.net\/fr\/pourquoi-castle\/programmes-de-reussite\/options-de-financement-et-de-paiement-par-carte-de-credit-flexiti\/\"><div>04.<\/div><div>Options de financement et de paiement par carte de cr\u00e9dit Flexiti<\/div><\/a><\/li>\n<li id=\"menu-item-6405\" class=\"menu-item menu-item-type-post_type menu-item-object-page menu-item-6405\"><a href=\"https:\/\/yatb.espresslabs.net\/fr\/pourquoi-castle\/programmes-de-reussite\/passez-au-niveau-superieur-grace-a-web-conductors\/\"><div>05. <\/div><div>Passez au niveau sup\u00e9rieur gr\u00e2ce \u00e0 Web Conductors<\/div><\/a><\/li>\n<li id=\"menu-item-6404\" class=\"menu-item menu-item-type-post_type menu-item-object-page menu-item-6404\"><a href=\"https:\/\/yatb.espresslabs.net\/fr\/pourquoi-castle\/programmes-de-reussite\/programmes-destines-aux-employes\/\"><div>06.<\/div><div>Programmes destin\u00e9s aux employ\u00e9s<\/div><\/a><\/li>\n<\/ul><\/div><\/section><section id=\"nav_menu-3\" class=\"widget widget_nav_menu\"><div class=\"menu-technologie-de-castle-container\"><ul id=\"menu-technologie-de-castle\" class=\"menu\"><li id=\"menu-item-6458\" class=\"menu-item menu-item-type-post_type menu-item-object-page menu-item-6458\"><a href=\"https:\/\/yatb.espresslabs.net\/fr\/pourquoi-castle\/castle-technology-2\/castlecore-member-account-portal\/\"><div>01.<\/div><div>Portail CastleCore pour les membres<\/div><\/a><\/li>\n<li id=\"menu-item-6457\" class=\"menu-item menu-item-type-post_type menu-item-object-page menu-item-6457\"><a href=\"https:\/\/yatb.espresslabs.net\/fr\/pourquoi-castle\/castle-technology-2\/systeme-de-point-de-vente\/\"><div>02.<\/div><div>Syst\u00e8me de point de vente<\/div><\/a><\/li>\n<li id=\"menu-item-6456\" class=\"menu-item menu-item-type-post_type menu-item-object-page menu-item-6456\"><a href=\"https:\/\/yatb.espresslabs.net\/fr\/pourquoi-castle\/castle-technology-2\/rendoodle\/\"><div>03.<\/div><div>Rendoodle<\/div><\/a><\/li>\n<li id=\"menu-item-6455\" class=\"menu-item menu-item-type-post_type menu-item-object-page menu-item-6455\"><a href=\"https:\/\/yatb.espresslabs.net\/fr\/pourquoi-castle\/castle-technology-2\/castle-member-pim\/\"><div>04.<\/div><div>Gestion de l\u2019information sur les produits<\/div><\/a><\/li>\n<\/ul><\/div><\/section><section id=\"nav_menu-4\" class=\"widget widget_nav_menu\"><div class=\"menu-marketing-et-publicite-castle-container\"><ul id=\"menu-marketing-et-publicite-castle\" class=\"menu\"><li id=\"menu-item-6471\" class=\"menu-item menu-item-type-post_type menu-item-object-page menu-item-6471\"><a href=\"https:\/\/yatb.espresslabs.net\/fr\/pourquoi-castle\/castle-marketing\/publications\/\"><div>01.<\/div><div>Publications<\/div><\/a><\/li>\n<li id=\"menu-item-6470\" class=\"menu-item menu-item-type-post_type menu-item-object-page menu-item-6470\"><a href=\"https:\/\/yatb.espresslabs.net\/fr\/pourquoi-castle\/castle-marketing\/concours-et-promotions-en-magasin\/\"><div>02.<\/div><div>Concours et promotions en magasin<\/div><\/a><\/li>\n<li id=\"menu-item-6469\" class=\"menu-item menu-item-type-post_type menu-item-object-page menu-item-6469\"><a href=\"https:\/\/yatb.espresslabs.net\/fr\/pourquoi-castle\/castle-marketing\/03-programme-de-circulaires-en-ligne-brandbase\/\"><div>03.<\/div><div>Programme de circulaires en ligne BrandBase<\/div><\/a><\/li>\n<\/ul><\/div><\/section>\t\t<\/div>\n\t\t\t\t<\/div>\n\t\t\t\t\t<\/div>\n\t\t<\/div>\n\t\t\t\t<div class=\"elementor-column elementor-col-50 elementor-top-column elementor-element elementor-element-6a3b4f5 ot-flex-column-vertical\" data-id=\"6a3b4f5\" data-element_type=\"column\">\n\t\t\t<div class=\"elementor-widget-wrap elementor-element-populated\">\n\t\t\t\t\t\t\t\t<div class=\"elementor-element elementor-element-0578722 elementor-widget elementor-widget-iheading\" data-id=\"0578722\" data-element_type=\"widget\" data-widget_type=\"iheading.default\">\n\t\t\t\t<div class=\"elementor-widget-container\">\n\t\t\t\t\t<div class=\"ot-heading \">\r\n\t        \t            <span>[ Pourquoi Castle ]<\/span>\r\n\t        \t        <h2 class=\"main-heading\">Rendoodle<\/h2>\r\n\t        \t    <\/div>\r\n\t    \t\t<\/div>\n\t\t\t\t<\/div>\n\t\t\t\t<div class=\"elementor-element elementor-element-2337f89 elementor-widget elementor-widget-text-editor\" data-id=\"2337f89\" data-element_type=\"widget\" data-widget_type=\"text-editor.default\">\n\t\t\t\t<div class=\"elementor-widget-container\">\n\t\t\t\t\t\t\t<p>Le march\u00e9 virtuel Rendoodle met en contact les d\u00e9taillants et experts de l\u2019industrie avec les consommateurs pour aider ces derniers \u00e0 planifier et \u00e0 ex\u00e9cuter facilement leurs projets de r\u00e9novation.<\/p>\n\n<p>Gr\u00e2ce \u00e0 notre partenariat avec Rendoodle, les membres Castle peuvent se pr\u00e9senter comme des d\u00e9taillants de choix sur cette plateforme technologique exclusive. Le march\u00e9 Rendoodle pr\u00e9sente de nombreux avantages : il vous offre de la visibilit\u00e9 en ligne, augmente vos possibilit\u00e9s de vente et vous donne acc\u00e8s \u00e0 des projets potentiels ainsi qu\u2019\u00e0 une liste d\u2019installateurs certifi\u00e9s.\n<\/p>\n\n<p>Les consommateurs d\u00e9sireux d\u2019ex\u00e9cuter leurs projets de r\u00e9novation, de r\u00e9paration ou d\u2019am\u00e9lioration en toute tranquillit\u00e9 d\u2019esprit disposent d\u00e9sormais d\u2019un nouveau carrefour o\u00f9 trouver des professionnels. Rendoodle est un march\u00e9 virtuel de la r\u00e9novation qui b\u00e9n\u00e9ficie de l\u2019appui de fournisseurs nationaux et de d\u00e9taillants Castle locaux.<\/p>\n\t\t\t\t\t\t<\/div>\n\t\t\t\t<\/div>\n\t\t\t\t<div class=\"elementor-element elementor-element-c00423c elementor-widget elementor-widget-image\" data-id=\"c00423c\" data-element_type=\"widget\" data-widget_type=\"image.default\">\n\t\t\t\t<div class=\"elementor-widget-container\">\n\t\t\t<style>\/*! elementor - v3.17.0 - 08-11-2023 *\/\n.elementor-widget-image{text-align:center}.elementor-widget-image a{display:inline-block}.elementor-widget-image a img[src$=\".svg\"]{width:48px}.elementor-widget-image img{vertical-align:middle;display:inline-block}<\/style>\t\t\t\t\t\t\t\t\t\t\t\t<img decoding=\"async\" width=\"1858\" height=\"1106\" src=\"https:\/\/yatb.espresslabs.net\/wp-content\/uploads\/2023\/01\/Moneris-4.jpg\" class=\"attachment-full size-full wp-image-5824\" alt=\"\" srcset=\"https:\/\/yatb.espresslabs.net\/wp-content\/uploads\/2023\/01\/Moneris-4.jpg 1858w, https:\/\/yatb.espresslabs.net\/wp-content\/uploads\/2023\/01\/Moneris-4-300x179.jpg 300w, https:\/\/yatb.espresslabs.net\/wp-content\/uploads\/2023\/01\/Moneris-4-1024x610.jpg 1024w, https:\/\/yatb.espresslabs.net\/wp-content\/uploads\/2023\/01\/Moneris-4-768x457.jpg 768w, https:\/\/yatb.espresslabs.net\/wp-content\/uploads\/2023\/01\/Moneris-4-1536x914.jpg 1536w\" sizes=\"(max-width: 1858px) 100vw, 1858px\" \/>\t\t\t\t\t\t\t\t\t\t\t\t\t\t\t<\/div>\n\t\t\t\t<\/div>\n\t\t\t\t\t<\/div>\n\t\t<\/div>\n\t\t\t\t\t\t\t<\/div>\n\t\t<\/section>\n\t\t\t\t\t\t\t<\/div>\n\t\t","protected":false},"excerpt":{"rendered":"<p>La technologie est un moteur pour Castle. Ses membres profitent d\u2019ailleurs d\u2019outils technologiques in\u00e9gal\u00e9s dans l\u2019industrie. Que ce soit \u00e0 l\u2019aide de son portail d\u2019avant-garde pour les membres ou des nouveaux programmes novateurs que son \u00e9quipe cr\u00e9e constamment, Castle vous aidera \u00e0 propulser votre entreprise vers de nouveaux horizons. [ Pourquoi Castle ] Rendoodle Le [&hellip;]<\/p>\n","protected":false},"author":1,"featured_media":0,"parent":6435,"menu_order":0,"comment_status":"closed","ping_status":"closed","template":"","meta":{"footnotes":""},"class_list":["post-6445","page","type-page","status-publish","hentry"],"_links":{"self":[{"href":"https:\/\/yatb.espresslabs.net\/fr\/wp-json\/wp\/v2\/pages\/6445","targetHints":{"allow":["GET"]}}],"collection":[{"href":"https:\/\/yatb.espresslabs.net\/fr\/wp-json\/wp\/v2\/pages"}],"about":[{"href":"https:\/\/yatb.espresslabs.net\/fr\/wp-json\/wp\/v2\/types\/page"}],"author":[{"embeddable":true,"href":"https:\/\/yatb.espresslabs.net\/fr\/wp-json\/wp\/v2\/users\/1"}],"replies":[{"embeddable":true,"href":"https:\/\/yatb.espresslabs.net\/fr\/wp-json\/wp\/v2\/comments?post=6445"}],"version-history":[{"count":7,"href":"https:\/\/yatb.espresslabs.net\/fr\/wp-json\/wp\/v2\/pages\/6445\/revisions"}],"predecessor-version":[{"id":7102,"href":"https:\/\/yatb.espresslabs.net\/fr\/wp-json\/wp\/v2\/pages\/6445\/revisions\/7102"}],"up":[{"embeddable":true,"href":"https:\/\/yatb.espresslabs.net\/fr\/wp-json\/wp\/v2\/pages\/6435"}],"wp:attachment":[{"href":"https:\/\/yatb.espresslabs.net\/fr\/wp-json\/wp\/v2\/media?parent=6445"}],"curies":[{"name":"wp","href":"https:\/\/api.w.org\/{rel}","templated":true}]}}