{"id":6467,"date":"2023-01-22T06:45:51","date_gmt":"2023-01-22T06:45:51","guid":{"rendered":"https:\/\/yatb.espresslabs.net\/pourquoi-castle\/castle-marketing\/brandbase-online-flyer-program\/"},"modified":"2023-02-16T14:52:46","modified_gmt":"2023-02-16T14:52:46","slug":"03-programme-de-circulaires-en-ligne-brandbase","status":"publish","type":"page","link":"https:\/\/yatb.espresslabs.net\/fr\/pourquoi-castle\/castle-marketing\/03-programme-de-circulaires-en-ligne-brandbase\/","title":{"rendered":"Programme de circulaires en ligne BrandBase"},"content":{"rendered":"\t\t<div data-elementor-type=\"wp-page\" data-elementor-id=\"6467\" class=\"elementor elementor-6467\">\n\t\t\t\t\t\t\t\t\t<section class=\"elementor-section elementor-top-section elementor-element elementor-element-2811975 elementor-section-boxed elementor-section-height-default elementor-section-height-default\" data-id=\"2811975\" data-element_type=\"section\">\n\t\t\t\t\t\t<div class=\"elementor-container elementor-column-gap-default\">\n\t\t\t\t\t<div class=\"elementor-column elementor-col-100 elementor-top-column elementor-element elementor-element-c6bfb56 ot-flex-column-vertical\" data-id=\"c6bfb56\" data-element_type=\"column\">\n\t\t\t<div class=\"elementor-widget-wrap elementor-element-populated\">\n\t\t\t\t\t\t\t\t<div class=\"elementor-element elementor-element-90ace6f elementor-widget elementor-widget-text-editor\" data-id=\"90ace6f\" data-element_type=\"widget\" data-widget_type=\"text-editor.default\">\n\t\t\t\t<div class=\"elementor-widget-container\">\n\t\t\t<style>\/*! elementor - v3.17.0 - 08-11-2023 *\/\n.elementor-widget-text-editor.elementor-drop-cap-view-stacked .elementor-drop-cap{background-color:#69727d;color:#fff}.elementor-widget-text-editor.elementor-drop-cap-view-framed .elementor-drop-cap{color:#69727d;border:3px solid;background-color:transparent}.elementor-widget-text-editor:not(.elementor-drop-cap-view-default) .elementor-drop-cap{margin-top:8px}.elementor-widget-text-editor:not(.elementor-drop-cap-view-default) .elementor-drop-cap-letter{width:1em;height:1em}.elementor-widget-text-editor .elementor-drop-cap{float:left;text-align:center;line-height:1;font-size:50px}.elementor-widget-text-editor .elementor-drop-cap-letter{display:inline-block}<\/style>\t\t\t\tCastle r\u00e9pond \u00e0 tous vos besoins de marketing sans vider votre portefeuille. Il vous propose des programmes de marketing complets et plusieurs options de promotion parmi lesquels vous pouvez choisir en fonction de vos exigences d\u2019affaires.\t\t\t\t\t\t<\/div>\n\t\t\t\t<\/div>\n\t\t\t\t\t<\/div>\n\t\t<\/div>\n\t\t\t\t\t\t\t<\/div>\n\t\t<\/section>\n\t\t\t\t<section class=\"elementor-section elementor-top-section elementor-element elementor-element-c92f0fd elementor-section-boxed elementor-section-height-default elementor-section-height-default\" data-id=\"c92f0fd\" data-element_type=\"section\">\n\t\t\t\t\t\t<div class=\"elementor-container elementor-column-gap-extended\">\n\t\t\t\t\t<div class=\"elementor-column elementor-col-50 elementor-top-column elementor-element elementor-element-b7efddd ot-flex-column-vertical\" data-id=\"b7efddd\" data-element_type=\"column\">\n\t\t\t<div class=\"elementor-widget-wrap elementor-element-populated\">\n\t\t\t\t\t\t\t\t<div class=\"elementor-element elementor-element-960921d widget-area elementor-widget elementor-widget-sidebar\" data-id=\"960921d\" data-element_type=\"widget\" data-widget_type=\"sidebar.default\">\n\t\t\t\t<div class=\"elementor-widget-container\">\n\t\t\t<section id=\"nav_menu-1\" class=\"widget widget_nav_menu\"><div class=\"menu-programme-dachat-container\"><ul id=\"menu-programme-dachat\" class=\"menu\"><li id=\"menu-item-7046\" class=\"menu-item menu-item-type-post_type menu-item-object-page menu-item-7046\"><a href=\"https:\/\/yatb.espresslabs.net\/fr\/pourquoi-castle\/programme-dachat\/programme-dachat-de-castle\/\"><div>01. <\/div><div>Programme d\u2019achat de Castle<\/div><\/a><\/li>\n<li id=\"menu-item-6384\" class=\"menu-item menu-item-type-post_type menu-item-object-page menu-item-6384\"><a href=\"https:\/\/yatb.espresslabs.net\/fr\/pourquoi-castle\/programme-dachat\/hardware-solution-affiliations\/\"><div>02. <\/div><div>Solution et affiliations en quincaillerie<\/div><\/a><\/li>\n<li id=\"menu-item-6383\" class=\"menu-item menu-item-type-post_type menu-item-object-page menu-item-6383\"><a href=\"https:\/\/yatb.espresslabs.net\/fr\/pourquoi-castle\/programme-dachat\/les-produits-de-qualite-castlegard\/\"><div>03.<\/div><div>Les produits de qualit\u00e9 Castlegard<\/div><\/a><\/li>\n<\/ul><\/div><\/section><section id=\"nav_menu-2\" class=\"widget widget_nav_menu\"><div class=\"menu-programmes-de-reussite-container\"><ul id=\"menu-programmes-de-reussite\" class=\"menu\"><li id=\"menu-item-6409\" class=\"menu-item menu-item-type-post_type menu-item-object-page menu-item-6409\"><a href=\"https:\/\/yatb.espresslabs.net\/fr\/pourquoi-castle\/programmes-de-reussite\/services-de-soutien-aux-entreprises\/\"><div>01.<\/div><div>Services de soutien aux entreprises<\/div><\/a><\/li>\n<li id=\"menu-item-6408\" class=\"menu-item menu-item-type-post_type menu-item-object-page menu-item-6408\"><a href=\"https:\/\/yatb.espresslabs.net\/fr\/pourquoi-castle\/programmes-de-reussite\/solutions-de-traitement-des-paiements-de-moneris-et-cartes-cadeaux-castle\/\"><div>02.<\/div><div>Solutions de traitement des paiements de Moneris et cartes-cadeaux Castle<\/div><\/a><\/li>\n<li id=\"menu-item-6407\" class=\"menu-item menu-item-type-post_type menu-item-object-page menu-item-6407\"><a href=\"https:\/\/yatb.espresslabs.net\/fr\/pourquoi-castle\/programmes-de-reussite\/cartes-cadeaux-castle\/\"><div>03.<\/div><div>Cartes-cadeaux Castle<\/div><\/a><\/li>\n<li id=\"menu-item-6406\" class=\"menu-item menu-item-type-post_type menu-item-object-page menu-item-6406\"><a href=\"https:\/\/yatb.espresslabs.net\/fr\/pourquoi-castle\/programmes-de-reussite\/options-de-financement-et-de-paiement-par-carte-de-credit-flexiti\/\"><div>04.<\/div><div>Options de financement et de paiement par carte de cr\u00e9dit Flexiti<\/div><\/a><\/li>\n<li id=\"menu-item-6405\" class=\"menu-item menu-item-type-post_type menu-item-object-page menu-item-6405\"><a href=\"https:\/\/yatb.espresslabs.net\/fr\/pourquoi-castle\/programmes-de-reussite\/passez-au-niveau-superieur-grace-a-web-conductors\/\"><div>05. <\/div><div>Passez au niveau sup\u00e9rieur gr\u00e2ce \u00e0 Web Conductors<\/div><\/a><\/li>\n<li id=\"menu-item-6404\" class=\"menu-item menu-item-type-post_type menu-item-object-page menu-item-6404\"><a href=\"https:\/\/yatb.espresslabs.net\/fr\/pourquoi-castle\/programmes-de-reussite\/programmes-destines-aux-employes\/\"><div>06.<\/div><div>Programmes destin\u00e9s aux employ\u00e9s<\/div><\/a><\/li>\n<\/ul><\/div><\/section><section id=\"nav_menu-3\" class=\"widget widget_nav_menu\"><div class=\"menu-technologie-de-castle-container\"><ul id=\"menu-technologie-de-castle\" class=\"menu\"><li id=\"menu-item-6458\" class=\"menu-item menu-item-type-post_type menu-item-object-page menu-item-6458\"><a href=\"https:\/\/yatb.espresslabs.net\/fr\/pourquoi-castle\/castle-technology-2\/castlecore-member-account-portal\/\"><div>01.<\/div><div>Portail CastleCore pour les membres<\/div><\/a><\/li>\n<li id=\"menu-item-6457\" class=\"menu-item menu-item-type-post_type menu-item-object-page menu-item-6457\"><a href=\"https:\/\/yatb.espresslabs.net\/fr\/pourquoi-castle\/castle-technology-2\/systeme-de-point-de-vente\/\"><div>02.<\/div><div>Syst\u00e8me de point de vente<\/div><\/a><\/li>\n<li id=\"menu-item-6456\" class=\"menu-item menu-item-type-post_type menu-item-object-page menu-item-6456\"><a href=\"https:\/\/yatb.espresslabs.net\/fr\/pourquoi-castle\/castle-technology-2\/rendoodle\/\"><div>03.<\/div><div>Rendoodle<\/div><\/a><\/li>\n<li id=\"menu-item-6455\" class=\"menu-item menu-item-type-post_type menu-item-object-page menu-item-6455\"><a href=\"https:\/\/yatb.espresslabs.net\/fr\/pourquoi-castle\/castle-technology-2\/castle-member-pim\/\"><div>04.<\/div><div>Gestion de l\u2019information sur les produits<\/div><\/a><\/li>\n<\/ul><\/div><\/section><section id=\"nav_menu-4\" class=\"widget widget_nav_menu\"><div class=\"menu-marketing-et-publicite-castle-container\"><ul id=\"menu-marketing-et-publicite-castle\" class=\"menu\"><li id=\"menu-item-6471\" class=\"menu-item menu-item-type-post_type menu-item-object-page menu-item-6471\"><a href=\"https:\/\/yatb.espresslabs.net\/fr\/pourquoi-castle\/castle-marketing\/publications\/\"><div>01.<\/div><div>Publications<\/div><\/a><\/li>\n<li id=\"menu-item-6470\" class=\"menu-item menu-item-type-post_type menu-item-object-page menu-item-6470\"><a href=\"https:\/\/yatb.espresslabs.net\/fr\/pourquoi-castle\/castle-marketing\/concours-et-promotions-en-magasin\/\"><div>02.<\/div><div>Concours et promotions en magasin<\/div><\/a><\/li>\n<li id=\"menu-item-6469\" class=\"menu-item menu-item-type-post_type menu-item-object-page menu-item-6469\"><a href=\"https:\/\/yatb.espresslabs.net\/fr\/pourquoi-castle\/castle-marketing\/03-programme-de-circulaires-en-ligne-brandbase\/\"><div>03.<\/div><div>Programme de circulaires en ligne BrandBase<\/div><\/a><\/li>\n<\/ul><\/div><\/section>\t\t<\/div>\n\t\t\t\t<\/div>\n\t\t\t\t\t<\/div>\n\t\t<\/div>\n\t\t\t\t<div class=\"elementor-column elementor-col-50 elementor-top-column elementor-element elementor-element-7a4f1ab ot-flex-column-vertical\" data-id=\"7a4f1ab\" data-element_type=\"column\">\n\t\t\t<div class=\"elementor-widget-wrap elementor-element-populated\">\n\t\t\t\t\t\t\t\t<div class=\"elementor-element elementor-element-fb7e422 elementor-widget elementor-widget-iheading\" data-id=\"fb7e422\" data-element_type=\"widget\" data-widget_type=\"iheading.default\">\n\t\t\t\t<div class=\"elementor-widget-container\">\n\t\t\t\t\t<div class=\"ot-heading \">\r\n\t        \t            <span>[ Pourquoi Castle ]<\/span>\r\n\t        \t        <h2 class=\"main-heading\">Programme de circulaires en ligne BrandBase<\/h2>\r\n\t        \t    <\/div>\r\n\t    \t\t<\/div>\n\t\t\t\t<\/div>\n\t\t\t\t<div class=\"elementor-element elementor-element-dc7226b elementor-widget elementor-widget-text-editor\" data-id=\"dc7226b\" data-element_type=\"widget\" data-widget_type=\"text-editor.default\">\n\t\t\t\t<div class=\"elementor-widget-container\">\n\t\t\t\t\t\t\tPrenez les choses en main gr\u00e2ce au programme de marketing BrandBase. Ce logiciel vous donne acc\u00e8s \u00e0 plus de 100\u2009000 produits de bois, mat\u00e9riaux de construction et articles de quincaillerie, ce qui vous permet de concevoir vos propres circulaires, affichettes d\u2019\u00e9tag\u00e8re, d\u00e9pliants, affiches, etc. Fini les circulaires impos\u00e9es. Repr\u00e9sentez votre propre marque et choisissez les produits \u00e0 annoncer, ainsi que la fr\u00e9quence et le mod\u00e8le de communication qui r\u00e9pondent \u00e0 vos besoins.\t\t\t\t\t\t<\/div>\n\t\t\t\t<\/div>\n\t\t\t\t<div class=\"elementor-element elementor-element-9c1a0b7 elementor-widget elementor-widget-image\" data-id=\"9c1a0b7\" data-element_type=\"widget\" data-widget_type=\"image.default\">\n\t\t\t\t<div class=\"elementor-widget-container\">\n\t\t\t<style>\/*! elementor - v3.17.0 - 08-11-2023 *\/\n.elementor-widget-image{text-align:center}.elementor-widget-image a{display:inline-block}.elementor-widget-image a img[src$=\".svg\"]{width:48px}.elementor-widget-image img{vertical-align:middle;display:inline-block}<\/style>\t\t\t\t\t\t\t\t\t\t\t\t<img decoding=\"async\" width=\"1858\" height=\"1106\" src=\"https:\/\/yatb.espresslabs.net\/wp-content\/uploads\/2023\/01\/Moneris-8.jpg\" class=\"attachment-full size-full wp-image-5851\" alt=\"\" srcset=\"https:\/\/yatb.espresslabs.net\/wp-content\/uploads\/2023\/01\/Moneris-8.jpg 1858w, https:\/\/yatb.espresslabs.net\/wp-content\/uploads\/2023\/01\/Moneris-8-300x179.jpg 300w, https:\/\/yatb.espresslabs.net\/wp-content\/uploads\/2023\/01\/Moneris-8-1024x610.jpg 1024w, https:\/\/yatb.espresslabs.net\/wp-content\/uploads\/2023\/01\/Moneris-8-768x457.jpg 768w, https:\/\/yatb.espresslabs.net\/wp-content\/uploads\/2023\/01\/Moneris-8-1536x914.jpg 1536w\" sizes=\"(max-width: 1858px) 100vw, 1858px\" \/>\t\t\t\t\t\t\t\t\t\t\t\t\t\t\t<\/div>\n\t\t\t\t<\/div>\n\t\t\t\t\t<\/div>\n\t\t<\/div>\n\t\t\t\t\t\t\t<\/div>\n\t\t<\/section>\n\t\t\t\t\t\t\t<\/div>\n\t\t","protected":false},"excerpt":{"rendered":"<p>Castle r\u00e9pond \u00e0 tous vos besoins de marketing sans vider votre portefeuille. Il vous propose des programmes de marketing complets et plusieurs options de promotion parmi lesquels vous pouvez choisir en fonction de vos exigences d\u2019affaires. [ Pourquoi Castle ] Programme de circulaires en ligne BrandBase Prenez les choses en main gr\u00e2ce au programme de [&hellip;]<\/p>\n","protected":false},"author":1,"featured_media":0,"parent":6459,"menu_order":0,"comment_status":"closed","ping_status":"closed","template":"","meta":{"footnotes":""},"class_list":["post-6467","page","type-page","status-publish","hentry"],"_links":{"self":[{"href":"https:\/\/yatb.espresslabs.net\/fr\/wp-json\/wp\/v2\/pages\/6467","targetHints":{"allow":["GET"]}}],"collection":[{"href":"https:\/\/yatb.espresslabs.net\/fr\/wp-json\/wp\/v2\/pages"}],"about":[{"href":"https:\/\/yatb.espresslabs.net\/fr\/wp-json\/wp\/v2\/types\/page"}],"author":[{"embeddable":true,"href":"https:\/\/yatb.espresslabs.net\/fr\/wp-json\/wp\/v2\/users\/1"}],"replies":[{"embeddable":true,"href":"https:\/\/yatb.espresslabs.net\/fr\/wp-json\/wp\/v2\/comments?post=6467"}],"version-history":[{"count":7,"href":"https:\/\/yatb.espresslabs.net\/fr\/wp-json\/wp\/v2\/pages\/6467\/revisions"}],"predecessor-version":[{"id":7114,"href":"https:\/\/yatb.espresslabs.net\/fr\/wp-json\/wp\/v2\/pages\/6467\/revisions\/7114"}],"up":[{"embeddable":true,"href":"https:\/\/yatb.espresslabs.net\/fr\/wp-json\/wp\/v2\/pages\/6459"}],"wp:attachment":[{"href":"https:\/\/yatb.espresslabs.net\/fr\/wp-json\/wp\/v2\/media?parent=6467"}],"curies":[{"name":"wp","href":"https:\/\/api.w.org\/{rel}","templated":true}]}}