{"id":6508,"date":"2023-01-10T11:40:15","date_gmt":"2023-01-10T11:40:15","guid":{"rendered":"https:\/\/yatb.espresslabs.net\/contact\/"},"modified":"2023-02-24T00:20:44","modified_gmt":"2023-02-24T00:20:44","slug":"contactez-nous","status":"publish","type":"page","link":"https:\/\/yatb.espresslabs.net\/fr\/contactez-nous\/","title":{"rendered":"Contactez-nous"},"content":{"rendered":"\t\t<div data-elementor-type=\"wp-page\" data-elementor-id=\"6508\" class=\"elementor elementor-6508\">\n\t\t\t\t\t\t\t\t\t<section class=\"elementor-section elementor-top-section elementor-element elementor-element-d9d810a elementor-section-boxed elementor-section-height-default elementor-section-height-default\" data-id=\"d9d810a\" data-element_type=\"section\">\n\t\t\t\t\t\t<div class=\"elementor-container elementor-column-gap-default\">\n\t\t\t\t\t<div class=\"elementor-column elementor-col-50 elementor-top-column elementor-element elementor-element-bfaad61 ot-flex-column-vertical\" data-id=\"bfaad61\" data-element_type=\"column\">\n\t\t\t<div class=\"elementor-widget-wrap elementor-element-populated\">\n\t\t\t\t\t\t\t\t<div class=\"elementor-element elementor-element-fa08689 elementor-widget elementor-widget-iiconbox1\" data-id=\"fa08689\" data-element_type=\"widget\" data-widget_type=\"iiconbox1.default\">\n\t\t\t\t<div class=\"elementor-widget-container\">\n\t\t\t\t\t<div class=\"icon-box icon-box--bg-img icon-box--icon-top \">\r\n\t\t\t<div class=\"icon-main\">\r\n\t\t        \t\t\t    \t\t        \t        <\/div>\r\n\t        <div class=\"content-box\">\r\n\t\t        <h5><a href=\"#contact-form\">Prenez un <br\/> rendez-vous confidentiel<\/a><\/h5>\r\n\t\t        <p><\/p>\r\n\t\t\t<\/div>\r\n\t\t\t\t        \t<div class=\"link-box\">\r\n\t        \t\t<a href=\"#contact-form\" class=\"btn-details\">PRENDRE UN RENDEZ-VOUS<\/a>\r\n\t        \t<\/div>\r\n\t        \t\r\n\t    <\/div>\r\n\t    \t\t<\/div>\n\t\t\t\t<\/div>\n\t\t\t\t\t<\/div>\n\t\t<\/div>\n\t\t\t\t<div class=\"elementor-column elementor-col-50 elementor-top-column elementor-element elementor-element-4673e71 ot-flex-column-vertical\" data-id=\"4673e71\" data-element_type=\"column\">\n\t\t\t<div class=\"elementor-widget-wrap elementor-element-populated\">\n\t\t\t\t\t\t\t\t<div class=\"elementor-element elementor-element-d0c468b elementor-widget elementor-widget-iiconbox1\" data-id=\"d0c468b\" data-element_type=\"widget\" data-widget_type=\"iiconbox1.default\">\n\t\t\t\t<div class=\"elementor-widget-container\">\n\t\t\t\t\t<div class=\"icon-box icon-box--bg-img icon-box--icon-top \">\r\n\t\t\t<div class=\"icon-main\">\r\n\t\t        \t\t\t    \t\t        \t        <\/div>\r\n\t        <div class=\"content-box\">\r\n\t\t        <h5><a href=\"https:\/\/yatb.espresslabs.net\/fr\/notre-equipe\/\">Joindre un directeur du <br\/> d\u00e9veloppement des affaires<\/a><\/h5>\r\n\t\t        <p><\/p>\r\n\t\t\t<\/div>\r\n\t\t\t\t        \t<div class=\"link-box\">\r\n\t        \t\t<a href=\"https:\/\/yatb.espresslabs.net\/fr\/notre-equipe\/\" class=\"btn-details\">JOINDRE<\/a>\r\n\t        \t<\/div>\r\n\t        \t\r\n\t    <\/div>\r\n\t    \t\t<\/div>\n\t\t\t\t<\/div>\n\t\t\t\t\t<\/div>\n\t\t<\/div>\n\t\t\t\t\t\t\t<\/div>\n\t\t<\/section>\n\t\t\t\t<section class=\"elementor-section elementor-top-section elementor-element elementor-element-4dda258 elementor-section-content-middle elementor-section-boxed elementor-section-height-default elementor-section-height-default\" data-id=\"4dda258\" data-element_type=\"section\" id=\"contact-form\">\n\t\t\t\t\t\t<div class=\"elementor-container elementor-column-gap-extended\">\n\t\t\t\t\t<div class=\"elementor-column elementor-col-50 elementor-top-column elementor-element elementor-element-c4e00d4 ot-flex-column-vertical\" data-id=\"c4e00d4\" data-element_type=\"column\">\n\t\t\t<div class=\"elementor-widget-wrap elementor-element-populated\">\n\t\t\t\t\t\t\t\t<div class=\"elementor-element elementor-element-7e8ecb5 elementor-widget elementor-widget-iheading\" data-id=\"7e8ecb5\" data-element_type=\"widget\" data-widget_type=\"iheading.default\">\n\t\t\t\t<div class=\"elementor-widget-container\">\n\t\t\t\t\t<div class=\"ot-heading is-dots\">\r\n\t        \t            <span>[ CONTACTEZ-NOUS ]<\/span>\r\n\t        \t        <h2 class=\"main-heading\">Apprenez-en plus<\/h2>\r\n\t        \t    <\/div>\r\n\t    \t\t<\/div>\n\t\t\t\t<\/div>\n\t\t\t\t<div class=\"elementor-element elementor-element-06684f8 elementor-widget elementor-widget-text-editor\" data-id=\"06684f8\" data-element_type=\"widget\" data-widget_type=\"text-editor.default\">\n\t\t\t\t<div class=\"elementor-widget-container\">\n\t\t\t<style>\/*! elementor - v3.17.0 - 08-11-2023 *\/\n.elementor-widget-text-editor.elementor-drop-cap-view-stacked .elementor-drop-cap{background-color:#69727d;color:#fff}.elementor-widget-text-editor.elementor-drop-cap-view-framed .elementor-drop-cap{color:#69727d;border:3px solid;background-color:transparent}.elementor-widget-text-editor:not(.elementor-drop-cap-view-default) .elementor-drop-cap{margin-top:8px}.elementor-widget-text-editor:not(.elementor-drop-cap-view-default) .elementor-drop-cap-letter{width:1em;height:1em}.elementor-widget-text-editor .elementor-drop-cap{float:left;text-align:center;line-height:1;font-size:50px}.elementor-widget-text-editor .elementor-drop-cap-letter{display:inline-block}<\/style>\t\t\t\tRejoignez un groupe o\u00f9 vous \u00eates votre marque! Parlez \u00e0 l\u2019un de nos directeurs du d\u00e9veloppement des affaires pour en savoir plus.\t\t\t\t\t\t<\/div>\n\t\t\t\t<\/div>\n\t\t\t\t<div class=\"elementor-element elementor-element-f4a79cc elementor-widget elementor-widget-shortcode\" data-id=\"f4a79cc\" data-element_type=\"widget\" data-widget_type=\"shortcode.default\">\n\t\t\t\t<div class=\"elementor-widget-container\">\n\t\t\t\t\t<div class=\"elementor-shortcode\">\n<div class=\"wpcf7 no-js\" id=\"wpcf7-f6517-o1\" lang=\"en-US\" dir=\"ltr\">\n<div class=\"screen-reader-response\"><p role=\"status\" aria-live=\"polite\" aria-atomic=\"true\"><\/p> <ul><\/ul><\/div>\n<form action=\"\/fr\/wp-json\/wp\/v2\/pages\/6508#wpcf7-f6517-o1\" method=\"post\" class=\"wpcf7-form init\" aria-label=\"Contact form\" novalidate=\"novalidate\" data-status=\"init\">\n<div style=\"display: none;\">\n<input type=\"hidden\" name=\"_wpcf7\" value=\"6517\" \/>\n<input type=\"hidden\" name=\"_wpcf7_version\" value=\"5.8.2\" \/>\n<input type=\"hidden\" name=\"_wpcf7_locale\" value=\"en_US\" \/>\n<input type=\"hidden\" name=\"_wpcf7_unit_tag\" value=\"wpcf7-f6517-o1\" \/>\n<input type=\"hidden\" name=\"_wpcf7_container_post\" value=\"0\" \/>\n<input type=\"hidden\" name=\"_wpcf7_posted_data_hash\" value=\"\" \/>\n<\/div>\n<div class=\"main-form\">\n\t<p><span class=\"wpcf7-form-control-wrap\" data-name=\"first_name\"><input size=\"40\" class=\"wpcf7-form-control wpcf7-text wpcf7-validates-as-required\" aria-required=\"true\" aria-invalid=\"false\" placeholder=\"PR\u00c9NOM *\" value=\"\" type=\"text\" name=\"first_name\" \/><\/span>\n\t<\/p>\n\t<p><span class=\"wpcf7-form-control-wrap\" data-name=\"last_name\"><input size=\"40\" class=\"wpcf7-form-control wpcf7-text wpcf7-validates-as-required\" aria-required=\"true\" aria-invalid=\"false\" placeholder=\"nom de famille *\" value=\"\" type=\"text\" name=\"last_name\" \/><\/span>\n\t<\/p>\n\t<p><span class=\"wpcf7-form-control-wrap\" data-name=\"phone_number\"><input size=\"40\" class=\"wpcf7-form-control wpcf7-text wpcf7-validates-as-required\" aria-required=\"true\" aria-invalid=\"false\" placeholder=\"NUM\u00c9RO DE T\u00c9L\u00c9PHONE *\" value=\"\" type=\"text\" name=\"phone_number\" \/><\/span>\n\t<\/p>\n\t<p><span class=\"wpcf7-form-control-wrap\" data-name=\"email_address\"><input size=\"40\" class=\"wpcf7-form-control wpcf7-email wpcf7-validates-as-required wpcf7-text wpcf7-validates-as-email\" aria-required=\"true\" aria-invalid=\"false\" placeholder=\"adresse courriel*\" value=\"\" type=\"email\" name=\"email_address\" \/><\/span>\n\t<\/p>\n\t<p><span class=\"wpcf7-form-control-wrap\" data-name=\"store_name\"><input size=\"40\" class=\"wpcf7-form-control wpcf7-text wpcf7-validates-as-required\" aria-required=\"true\" aria-invalid=\"false\" placeholder=\"nom du magasin *\" value=\"\" type=\"text\" name=\"store_name\" \/><\/span>\n\t<\/p>\n\t<p><span class=\"wpcf7-form-control-wrap\" data-name=\"store_address\"><input size=\"40\" class=\"wpcf7-form-control wpcf7-text wpcf7-validates-as-required\" aria-required=\"true\" aria-invalid=\"false\" placeholder=\"adresse du magasin *\" value=\"\" type=\"text\" name=\"store_address\" \/><\/span>\n\t<\/p>\n\t<p><span class=\"wpcf7-form-control-wrap\" data-name=\"business_region\"><select class=\"wpcf7-form-control wpcf7-select\" aria-invalid=\"false\" name=\"business_region\"><option value=\"\">S\u00c9LECTIONNER UNE R\u00c9GION<\/option><option value=\"(D\u00e9tail) Ouest canadien\">(D\u00e9tail) Ouest canadien<\/option><option value=\"(D\u00e9tail) Ontario\">(D\u00e9tail) Ontario<\/option><option value=\"(D\u00e9tail) Qu\u00e9bec et nord du Nouveau-Brunswick\">(D\u00e9tail) Qu\u00e9bec et nord du Nouveau-Brunswick<\/option><option value=\"(D\u00e9tail) Maritimes\">(D\u00e9tail) Maritimes<\/option><option value=\"(D\u00e9tail) Terre-Neuve-et-Labrador\">(D\u00e9tail) Terre-Neuve-et-Labrador<\/option><option value=\"(Commercial) Grossiste et distributeur national\">(Commercial) Grossiste et distributeur national<\/option><\/select><\/span>\n\t<\/p>\n\t<p><span class=\"wpcf7-form-control-wrap\" data-name=\"primary_business\"><select class=\"wpcf7-form-control wpcf7-select\" aria-invalid=\"false\" name=\"primary_business\"><option value=\"\">S\u00c9LECTIONNER LE SECTEUR D\u2019ACTIVIT\u00c9 PRINCIPAL<\/option><option value=\"Bois d\u2019oeuvre et mat\u00e9riaux de construction\">Bois d\u2019oeuvre et mat\u00e9riaux de construction<\/option><option value=\"Sp\u00e9cialit\u00e9\">Sp\u00e9cialit\u00e9<\/option><option value=\"Commercial\">Commercial<\/option><option value=\"Quincaillerie\">Quincaillerie<\/option><option value=\"Autre\">Autre<\/option><\/select><\/span>\n\t<\/p>\n\t<p><span class=\"wpcf7-form-control-wrap\" data-name=\"message\"><textarea cols=\"40\" rows=\"10\" class=\"wpcf7-form-control wpcf7-textarea\" aria-invalid=\"false\" placeholder=\"Autre\" name=\"message\"><\/textarea><\/span>\n\t<\/p>\n\t<p class=\"accept\"><span class=\"wpcf7-form-control-wrap\" data-name=\"acceptance\"><span class=\"wpcf7-form-control wpcf7-acceptance\"><span class=\"wpcf7-list-item\"><input type=\"checkbox\" name=\"acceptance\" value=\"1\" aria-invalid=\"false\" \/><\/span><\/span><\/span> En validant ce formulaire, vous acceptez de recevoir des informations de Groupe Centres de r\u00e9novation Castle lt\u00e9e.\n\t<\/p>\n\t<div>\n\t\t<div class=\"g-recaptcha\" data-sitekey=\"6LebCfUjAAAAALAJS5BWZf2UxR0bK6TsM2wGIQmh\">\n\t\t<\/div>\n\t<\/div>\n\t<p style=\"text-align:center;margin-top:40px;\"><span class=\"wpcf7-form-control-wrap\" data-name=\"hcap-cf7\"><span id=\"hcap_cf7-69d8ba1c8f6af3.87994733\" class=\"wpcf7-form-control h-captcha\" data-sitekey=\"66ee2669-866e-4899-87e3-248451cc12c3\" data-theme=\"light\" data-size=\"normal\" ><\/span><\/span><input type=\"hidden\" id=\"_wpnonce\" name=\"_wpnonce\" value=\"557fbee7a5\" \/><input type=\"hidden\" name=\"_wp_http_referer\" value=\"\/fr\/wp-json\/wp\/v2\/pages\/6508\" \/><button type=\"submit\" class=\"octf-btn\">Soumettre<\/button>\n\t<\/p>\n<\/div><div class=\"wpcf7-response-output\" aria-hidden=\"true\"><\/div>\n<\/form>\n<\/div>\n<\/div>\n\t\t\t\t<\/div>\n\t\t\t\t<\/div>\n\t\t\t\t\t<\/div>\n\t\t<\/div>\n\t\t\t\t<div class=\"elementor-column elementor-col-50 elementor-top-column elementor-element elementor-element-efd1da9 ot-column-items-top ot-flex-column-vertical\" data-id=\"efd1da9\" data-element_type=\"column\" data-settings=\"{&quot;background_background&quot;:&quot;classic&quot;}\">\n\t\t\t<div class=\"elementor-widget-wrap elementor-element-populated\">\n\t\t\t\t\t\t\t\t<section class=\"elementor-section elementor-inner-section elementor-element elementor-element-f8a07ed elementor-section-boxed elementor-section-height-default elementor-section-height-default\" data-id=\"f8a07ed\" data-element_type=\"section\" data-settings=\"{&quot;background_background&quot;:&quot;classic&quot;}\">\n\t\t\t\t\t\t<div class=\"elementor-container elementor-column-gap-default\">\n\t\t\t\t\t<div class=\"elementor-column elementor-col-100 elementor-inner-column elementor-element elementor-element-8ec7d4e ot-flex-column-vertical\" data-id=\"8ec7d4e\" data-element_type=\"column\">\n\t\t\t<div class=\"elementor-widget-wrap elementor-element-populated\">\n\t\t\t\t\t\t\t\t<div class=\"elementor-element elementor-element-62fd8af elementor-widget elementor-widget-iheading\" data-id=\"62fd8af\" data-element_type=\"widget\" data-widget_type=\"iheading.default\">\n\t\t\t\t<div class=\"elementor-widget-container\">\n\t\t\t\t\t<div class=\"ot-heading is-dots\">\r\n\t        \t        <h2 class=\"main-heading\">Vous \u00eates la marque<\/h2>\r\n\t        \t    <\/div>\r\n\t    \t\t<\/div>\n\t\t\t\t<\/div>\n\t\t\t\t<div class=\"elementor-element elementor-element-69f3a9c elementor-widget elementor-widget-text-editor\" data-id=\"69f3a9c\" data-element_type=\"widget\" data-widget_type=\"text-editor.default\">\n\t\t\t\t<div class=\"elementor-widget-container\">\n\t\t\t\t\t\t\t<p>Castle vous procure les outils dont vous avez besoin pour faire passer votre entreprise au niveau sup\u00e9rieur, et m\u00eame plus. Tous les commer\u00e7ants ind\u00e9pendants qui sont pass\u00e9s d\u2019une banni\u00e8re concurrente \u00e0 Castle ont connu une croissance naturelle et un succ\u00e8s accru.<\/p><p>Nous vous fournissons les outils dont vous avez besoin pour devenir un commer\u00e7ant ind\u00e9pendant prosp\u00e8re, tout en maintenant votre identit\u00e9 unique et en g\u00e9rant votre entreprise \u00e0 votre fa\u00e7on.<\/p>\t\t\t\t\t\t<\/div>\n\t\t\t\t<\/div>\n\t\t\t\t\t<\/div>\n\t\t<\/div>\n\t\t\t\t\t\t\t<\/div>\n\t\t<\/section>\n\t\t\t\t\t<\/div>\n\t\t<\/div>\n\t\t\t\t\t\t\t<\/div>\n\t\t<\/section>\n\t\t\t\t\t\t\t<\/div>\n\t\t","protected":false},"excerpt":{"rendered":"<p>Prenez un rendez-vous confidentiel PRENDRE UN RENDEZ-VOUS Joindre un directeur du d\u00e9veloppement des affaires JOINDRE [ CONTACTEZ-NOUS ] Apprenez-en plus Rejoignez un groupe o\u00f9 vous \u00eates votre marque! Parlez \u00e0 l\u2019un de nos directeurs du d\u00e9veloppement des affaires pour en savoir plus. Vous \u00eates la marque Castle vous procure les outils dont vous avez besoin [&hellip;]<\/p>\n","protected":false},"author":1,"featured_media":0,"parent":0,"menu_order":0,"comment_status":"closed","ping_status":"closed","template":"","meta":{"footnotes":""},"class_list":["post-6508","page","type-page","status-publish","hentry"],"_links":{"self":[{"href":"https:\/\/yatb.espresslabs.net\/fr\/wp-json\/wp\/v2\/pages\/6508","targetHints":{"allow":["GET"]}}],"collection":[{"href":"https:\/\/yatb.espresslabs.net\/fr\/wp-json\/wp\/v2\/pages"}],"about":[{"href":"https:\/\/yatb.espresslabs.net\/fr\/wp-json\/wp\/v2\/types\/page"}],"author":[{"embeddable":true,"href":"https:\/\/yatb.espresslabs.net\/fr\/wp-json\/wp\/v2\/users\/1"}],"replies":[{"embeddable":true,"href":"https:\/\/yatb.espresslabs.net\/fr\/wp-json\/wp\/v2\/comments?post=6508"}],"version-history":[{"count":23,"href":"https:\/\/yatb.espresslabs.net\/fr\/wp-json\/wp\/v2\/pages\/6508\/revisions"}],"predecessor-version":[{"id":7461,"href":"https:\/\/yatb.espresslabs.net\/fr\/wp-json\/wp\/v2\/pages\/6508\/revisions\/7461"}],"wp:attachment":[{"href":"https:\/\/yatb.espresslabs.net\/fr\/wp-json\/wp\/v2\/media?parent=6508"}],"curies":[{"name":"wp","href":"https:\/\/api.w.org\/{rel}","templated":true}]}}